{"id":57,"date":"2022-03-04T01:39:08","date_gmt":"2022-03-04T01:39:08","guid":{"rendered":"https:\/\/live.21lab.co\/nanofit\/?page_id=57"},"modified":"2024-04-16T22:54:33","modified_gmt":"2024-04-16T22:54:33","slug":"turlarimiz","status":"publish","type":"page","link":"https:\/\/kecioutdoor.com\/?page_id=57","title":{"rendered":"Turlar\u0131m\u0131z"},"content":{"rendered":"\t\t<div data-elementor-type=\"wp-page\" data-elementor-id=\"57\" class=\"elementor elementor-57\">\n\t\t\t\t\t\t<section class=\"elementor-section elementor-top-section elementor-element elementor-element-489e6e6 elementor-section-boxed elementor-section-height-default elementor-section-height-default\" data-id=\"489e6e6\" data-element_type=\"section\" data-settings=\"{&quot;background_background&quot;:&quot;classic&quot;}\">\n\t\t\t\t\t\t\t<div class=\"elementor-background-overlay\"><\/div>\n\t\t\t\t\t\t\t<div class=\"elementor-container elementor-column-gap-default\">\n\t\t\t\t\t<div class=\"elementor-column elementor-col-100 elementor-top-column elementor-element elementor-element-001b9ea\" data-id=\"001b9ea\" data-element_type=\"column\">\n\t\t\t<div class=\"elementor-widget-wrap elementor-element-populated\">\n\t\t\t\t\t\t<div class=\"elementor-element elementor-element-69cb579 pp-dual-heading-inline elementor-widget elementor-widget-pp-dual-heading\" data-id=\"69cb579\" data-element_type=\"widget\" data-widget_type=\"pp-dual-heading.default\">\n\t\t\t\t<div class=\"elementor-widget-container\">\n\t\t\t\t\t<div class=\"pp-dual-heading\"><a href=\"https:\/\/kecioutdoor.com\/iletisim\"><span class=\"pp-first-text\">Turlar\u0131m\u0131z a\u015fa\u011f\u0131daki gibidir. Detayl\u0131 bilgi i\u00e7in tur sayfas\u0131na gidiniz veya bizimle ileti\u015fime ge\u00e7iniz!<\/span><span class=\"pp-second-text\">Bizimle \u0130leti\u015fime Ge\u00e7<\/span><\/a><\/div>\t\t\t\t<\/div>\n\t\t\t\t<\/div>\n\t\t\t\t\t<\/div>\n\t\t<\/div>\n\t\t\t\t\t<\/div>\n\t\t<\/section>\n\t\t<div class=\"elementor-element elementor-element-7cfcc38 e-flex e-con-boxed e-con e-parent\" data-id=\"7cfcc38\" data-element_type=\"container\">\n\t\t\t\t\t<div class=\"e-con-inner\">\n\t\t\t\t<div class=\"elementor-element elementor-element-f028cdb pp-heading-fill-solid elementor-widget elementor-widget-pp-fancy-heading\" data-id=\"f028cdb\" data-element_type=\"widget\" data-widget_type=\"pp-fancy-heading.default\">\n\t\t\t\t<div class=\"elementor-widget-container\">\n\t\t\t\t\t\t\t\t<h2 class=\"pp-fancy-heading\">\n\t\t\t\t\t\t\t\t<span class=\"pp-heading-text\">\n\t\t\t\t\tturlar\u0131m\u0131z\t\t\t\t<\/span>\n\t\t\t\t\t\t\t<\/h2>\n\t\t\t\t\t\t\t<\/div>\n\t\t\t\t<\/div>\n\t\t\t\t<div class=\"elementor-element elementor-element-aed1448 elementor-widget elementor-widget-spacer\" data-id=\"aed1448\" data-element_type=\"widget\" data-widget_type=\"spacer.default\">\n\t\t\t\t<div class=\"elementor-widget-container\">\n\t\t\t\t\t\t\t<div class=\"elementor-spacer\">\n\t\t\t<div class=\"elementor-spacer-inner\"><\/div>\n\t\t<\/div>\n\t\t\t\t\t\t<\/div>\n\t\t\t\t<\/div>\n\t\t\t\t<div class=\"elementor-element elementor-element-e0c91ed elementor-grid-2 pp-posts-thumbnail-ratio elementor-grid-tablet-2 elementor-grid-mobile-1 elementor-widget elementor-widget-pp-posts\" data-id=\"e0c91ed\" data-element_type=\"widget\" data-widget_type=\"pp-posts.classic\">\n\t\t\t\t<div class=\"elementor-widget-container\">\n\t\t\t\t\t\t\t<div class=\"pp-posts-container\">\n\t\t\t\n\t\t\t\t\t\t\t\t\t\t\n\t\t\t<div class=\"pp-posts pp-posts-skin-classic elementor-grid pp-posts-grid\" data-query-type=\"custom\" data-layout=\"grid\" data-page=\"57\" data-skin=\"classic\">\n\t\t\t\t\t\t\t\t\t\t\t<div class=\"pp-post-wrap pp-grid-item-wrap elementor-grid-item post-2402 post type-post status-publish format-standard hentry category-hike-treking\">\n\t\t\t\t\t\t<div class=\"pp-post pp-grid-item\">\n\t\t\t\t\t\t<div class=\"pp-post-thumbnail\">\n\t\t\t<a class=\"pp-post-thumbnail-wrap\" href=\"https:\/\/kecioutdoor.com\/?p=2402\" title=\"Likya Yolu | Ka\u015f | Kekova | Tekne Turlu\">\n\t\t\t\t<img decoding=\"async\" class=\"\" src=\"https:\/\/kecioutdoor.com\/wp-content\/plugins\/elementor\/assets\/images\/placeholder.png\" \/>\t\t\t<\/a>\n\t\t<\/div>\n\t\t\n\t\t\t\t\n\t\t\t\t<div class=\"pp-post-content-wrap\">\n\t\t\t\t\t<div class=\"pp-post-content\">\n\t\t\t\t\t\t\t\t\t\t\t\t<h2 class=\"pp-post-title\">\n\t\t\t\t<a href=\"https:\/\/kecioutdoor.com\/?p=2402\">Likya Yolu | Ka\u015f | Kekova | Tekne Turlu<\/a>\t\t\t<\/h2>\n\t\t\t\t\t\t\t<div class=\"pp-post-separator-wrap\">\n\t\t\t\t\t<div class=\"pp-post-separator\"><\/div>\n\t\t\t\t<\/div>\n\t\t\t\t\t\t\t\t\t<\/div>\n\t\t\t\t\t\t\t\t\t<\/div>\n\n\t\t\t\t\t\t\t<\/div>\n\t\t\t\t\t<\/div>\n\t\t\t\t<div class=\"pp-post-wrap pp-grid-item-wrap elementor-grid-item post-2280 post type-post status-publish format-standard hentry category-hike-treking\">\n\t\t\t\t\t\t<div class=\"pp-post pp-grid-item\">\n\t\t\t\t\t\t<div class=\"pp-post-thumbnail\">\n\t\t\t<a class=\"pp-post-thumbnail-wrap\" href=\"https:\/\/kecioutdoor.com\/?p=2280\" title=\"Butik Bat\u0131 Likya Turu(Kurban bayram\u0131 \u00f6zel)\">\n\t\t\t\t<img decoding=\"async\" class=\"\" src=\"https:\/\/kecioutdoor.com\/wp-content\/plugins\/elementor\/assets\/images\/placeholder.png\" \/>\t\t\t<\/a>\n\t\t<\/div>\n\t\t\n\t\t\t\t\n\t\t\t\t<div class=\"pp-post-content-wrap\">\n\t\t\t\t\t<div class=\"pp-post-content\">\n\t\t\t\t\t\t\t\t\t\t\t\t<h2 class=\"pp-post-title\">\n\t\t\t\t<a href=\"https:\/\/kecioutdoor.com\/?p=2280\">Butik Bat\u0131 Likya Turu(Kurban bayram\u0131 \u00f6zel)<\/a>\t\t\t<\/h2>\n\t\t\t\t\t\t\t<div class=\"pp-post-separator-wrap\">\n\t\t\t\t\t<div class=\"pp-post-separator\"><\/div>\n\t\t\t\t<\/div>\n\t\t\t\t\t\t\t\t\t<\/div>\n\t\t\t\t\t\t\t\t\t<\/div>\n\n\t\t\t\t\t\t\t<\/div>\n\t\t\t\t\t<\/div>\n\t\t\t\t<div class=\"pp-post-wrap pp-grid-item-wrap elementor-grid-item post-2237 post type-post status-publish format-standard hentry category-hike-treking\">\n\t\t\t\t\t\t<div class=\"pp-post pp-grid-item\">\n\t\t\t\t\t\t<div class=\"pp-post-thumbnail\">\n\t\t\t<a class=\"pp-post-thumbnail-wrap\" href=\"https:\/\/kecioutdoor.com\/?p=2237\" title=\"Kayak\u00f6y Konaklamal\u0131 Likya Yolu Y\u00fcr\u00fcy\u00fc\u015f\u00fc: Tarih, Do\u011fa ve Ke\u015fif\">\n\t\t\t\t<img decoding=\"async\" class=\"\" src=\"https:\/\/kecioutdoor.com\/wp-content\/plugins\/elementor\/assets\/images\/placeholder.png\" \/>\t\t\t<\/a>\n\t\t<\/div>\n\t\t\n\t\t\t\t\n\t\t\t\t<div class=\"pp-post-content-wrap\">\n\t\t\t\t\t<div class=\"pp-post-content\">\n\t\t\t\t\t\t\t\t\t\t\t\t<h2 class=\"pp-post-title\">\n\t\t\t\t<a href=\"https:\/\/kecioutdoor.com\/?p=2237\">Kayak\u00f6y Konaklamal\u0131 Likya Yolu Y\u00fcr\u00fcy\u00fc\u015f\u00fc: Tarih, Do\u011fa ve Ke\u015fif<\/a>\t\t\t<\/h2>\n\t\t\t\t\t\t\t<div class=\"pp-post-separator-wrap\">\n\t\t\t\t\t<div class=\"pp-post-separator\"><\/div>\n\t\t\t\t<\/div>\n\t\t\t\t\t\t\t\t\t<\/div>\n\t\t\t\t\t\t\t\t\t<\/div>\n\n\t\t\t\t\t\t\t<\/div>\n\t\t\t\t\t<\/div>\n\t\t\t\t<div class=\"pp-post-wrap pp-grid-item-wrap elementor-grid-item post-2235 post type-post status-publish format-standard hentry category-hike-treking\">\n\t\t\t\t\t\t<div class=\"pp-post pp-grid-item\">\n\t\t\t\t\t\t<div class=\"pp-post-thumbnail\">\n\t\t\t<a class=\"pp-post-thumbnail-wrap\" href=\"https:\/\/kecioutdoor.com\/?p=2235\" title=\"Ka\u015f  | Kekova |Demre (Tekne Turlu)\">\n\t\t\t\t<img decoding=\"async\" class=\"\" src=\"https:\/\/kecioutdoor.com\/wp-content\/plugins\/elementor\/assets\/images\/placeholder.png\" \/>\t\t\t<\/a>\n\t\t<\/div>\n\t\t\n\t\t\t\t\n\t\t\t\t<div class=\"pp-post-content-wrap\">\n\t\t\t\t\t<div class=\"pp-post-content\">\n\t\t\t\t\t\t\t\t\t\t\t\t<h2 class=\"pp-post-title\">\n\t\t\t\t<a href=\"https:\/\/kecioutdoor.com\/?p=2235\">Ka\u015f  | Kekova |Demre (Tekne Turlu)<\/a>\t\t\t<\/h2>\n\t\t\t\t\t\t\t<div class=\"pp-post-separator-wrap\">\n\t\t\t\t\t<div class=\"pp-post-separator\"><\/div>\n\t\t\t\t<\/div>\n\t\t\t\t\t\t\t\t\t<\/div>\n\t\t\t\t\t\t\t\t\t<\/div>\n\n\t\t\t\t\t\t\t<\/div>\n\t\t\t\t\t<\/div>\n\t\t\t\t<div class=\"pp-post-wrap pp-grid-item-wrap elementor-grid-item post-2233 post type-post status-publish format-standard hentry category-hike-treking\">\n\t\t\t\t\t\t<div class=\"pp-post pp-grid-item\">\n\t\t\t\t\t\t<div class=\"pp-post-thumbnail\">\n\t\t\t<a class=\"pp-post-thumbnail-wrap\" href=\"https:\/\/kecioutdoor.com\/?p=2233\" title=\"\u00d6l\u00fcdeniz | Kelebekler Vadisi | Kabak koyu | Yediburunlar\">\n\t\t\t\t<img decoding=\"async\" class=\"\" src=\"https:\/\/kecioutdoor.com\/wp-content\/plugins\/elementor\/assets\/images\/placeholder.png\" \/>\t\t\t<\/a>\n\t\t<\/div>\n\t\t\n\t\t\t\t\n\t\t\t\t<div class=\"pp-post-content-wrap\">\n\t\t\t\t\t<div class=\"pp-post-content\">\n\t\t\t\t\t\t\t\t\t\t\t\t<h2 class=\"pp-post-title\">\n\t\t\t\t<a href=\"https:\/\/kecioutdoor.com\/?p=2233\">\u00d6l\u00fcdeniz | Kelebekler Vadisi | Kabak koyu | Yediburunlar<\/a>\t\t\t<\/h2>\n\t\t\t\t\t\t\t<div class=\"pp-post-separator-wrap\">\n\t\t\t\t\t<div class=\"pp-post-separator\"><\/div>\n\t\t\t\t<\/div>\n\t\t\t\t\t\t\t\t\t<\/div>\n\t\t\t\t\t\t\t\t\t<\/div>\n\n\t\t\t\t\t\t\t<\/div>\n\t\t\t\t\t<\/div>\n\t\t\t\t<div class=\"pp-post-wrap pp-grid-item-wrap elementor-grid-item post-2231 post type-post status-publish format-standard hentry category-hike-treking\">\n\t\t\t\t\t\t<div class=\"pp-post pp-grid-item\">\n\t\t\t\t\t\t<div class=\"pp-post-thumbnail\">\n\t\t\t<a class=\"pp-post-thumbnail-wrap\" href=\"https:\/\/kecioutdoor.com\/?p=2231\" title=\"Gelidonya Feneri Olympos Antik Kenti\">\n\t\t\t\t<img decoding=\"async\" class=\"\" src=\"https:\/\/kecioutdoor.com\/wp-content\/plugins\/elementor\/assets\/images\/placeholder.png\" \/>\t\t\t<\/a>\n\t\t<\/div>\n\t\t\n\t\t\t\t\n\t\t\t\t<div class=\"pp-post-content-wrap\">\n\t\t\t\t\t<div class=\"pp-post-content\">\n\t\t\t\t\t\t\t\t\t\t\t\t<h2 class=\"pp-post-title\">\n\t\t\t\t<a href=\"https:\/\/kecioutdoor.com\/?p=2231\">Gelidonya Feneri Olympos Antik Kenti<\/a>\t\t\t<\/h2>\n\t\t\t\t\t\t\t<div class=\"pp-post-separator-wrap\">\n\t\t\t\t\t<div class=\"pp-post-separator\"><\/div>\n\t\t\t\t<\/div>\n\t\t\t\t\t\t\t\t\t<\/div>\n\t\t\t\t\t\t\t\t\t<\/div>\n\n\t\t\t\t\t\t\t<\/div>\n\t\t\t\t\t<\/div>\n\t\t\t\t\t\t\t\t\t<\/div>\n\t\t\t\n\t\t\t\n\t\t\t\n\t\t\t\n\t\t\t\t\t\t\t\t\t\t\t\t<\/div>\n\n\t\t\n\t\t\t\t\t\t<\/div>\n\t\t\t\t<\/div>\n\t\t\t\t\t<\/div>\n\t\t\t\t<\/div>\n\t\t\t\t<\/div>\n\t\t","protected":false},"excerpt":{"rendered":"<p>Turlar\u0131m\u0131z a\u015fa\u011f\u0131daki gibidir. Detayl\u0131 bilgi i\u00e7in tur sayfas\u0131na gidiniz veya bizimle ileti\u015fime ge\u00e7iniz! Bizimle \u0130leti\u015fime Ge\u00e7 turlar\u0131m\u0131z FETH\u0130YE \u2013 \u00d6L\u00dcDEN\u0130Z \u2013 KABAK K\u00d6Y\u00dc \u2013 YED\u0130BURUNLAR Likya Yolu || Patara Ka\u015f Etlinli\u011fi 30-31 May\u0131s 1-2 Haziran<\/p>\n","protected":false},"author":1,"featured_media":0,"parent":0,"menu_order":0,"comment_status":"closed","ping_status":"closed","template":"tmpl\/template-fullwidth.php","meta":{"_acf_changed":false,"inline_featured_image":false,"footnotes":""},"class_list":["post-57","page","type-page","status-publish","hentry"],"acf":[],"_links":{"self":[{"href":"https:\/\/kecioutdoor.com\/index.php?rest_route=\/wp\/v2\/pages\/57","targetHints":{"allow":["GET"]}}],"collection":[{"href":"https:\/\/kecioutdoor.com\/index.php?rest_route=\/wp\/v2\/pages"}],"about":[{"href":"https:\/\/kecioutdoor.com\/index.php?rest_route=\/wp\/v2\/types\/page"}],"author":[{"embeddable":true,"href":"https:\/\/kecioutdoor.com\/index.php?rest_route=\/wp\/v2\/users\/1"}],"replies":[{"embeddable":true,"href":"https:\/\/kecioutdoor.com\/index.php?rest_route=%2Fwp%2Fv2%2Fcomments&post=57"}],"version-history":[{"count":35,"href":"https:\/\/kecioutdoor.com\/index.php?rest_route=\/wp\/v2\/pages\/57\/revisions"}],"predecessor-version":[{"id":1935,"href":"https:\/\/kecioutdoor.com\/index.php?rest_route=\/wp\/v2\/pages\/57\/revisions\/1935"}],"wp:attachment":[{"href":"https:\/\/kecioutdoor.com\/index.php?rest_route=%2Fwp%2Fv2%2Fmedia&parent=57"}],"curies":[{"name":"wp","href":"https:\/\/api.w.org\/{rel}","templated":true}]}}