{"id":59,"date":"2022-03-04T01:39:34","date_gmt":"2022-03-04T01:39:34","guid":{"rendered":"https:\/\/live.21lab.co\/nanofit\/?page_id=59"},"modified":"2024-04-05T19:16:04","modified_gmt":"2024-04-05T19:16:04","slug":"contact-us","status":"publish","type":"page","link":"https:\/\/kecioutdoor.com\/?page_id=59","title":{"rendered":"\u0130leti\u015fim"},"content":{"rendered":"\t\t<div data-elementor-type=\"wp-page\" data-elementor-id=\"59\" class=\"elementor elementor-59\">\n\t\t\t\t\t\t<section class=\"elementor-section elementor-top-section elementor-element elementor-element-f67a132 elementor-section-boxed elementor-section-height-default elementor-section-height-default\" data-id=\"f67a132\" data-element_type=\"section\" data-settings=\"{&quot;background_background&quot;:&quot;gradient&quot;}\">\n\t\t\t\t\t\t<div class=\"elementor-container elementor-column-gap-default\">\n\t\t\t\t\t<div class=\"elementor-column elementor-col-100 elementor-top-column elementor-element elementor-element-862edd0\" data-id=\"862edd0\" data-element_type=\"column\">\n\t\t\t<div class=\"elementor-widget-wrap elementor-element-populated\">\n\t\t\t\t\t\t<div class=\"elementor-element elementor-element-e7b7851 pp-heading-fill-solid elementor-widget elementor-widget-pp-fancy-heading\" data-id=\"e7b7851\" data-element_type=\"widget\" data-widget_type=\"pp-fancy-heading.default\">\n\t\t\t\t<div class=\"elementor-widget-container\">\n\t\t\t\t\t\t\t\t<h2 class=\"pp-fancy-heading\">\n\t\t\t\t\t\t\t\t<span class=\"pp-heading-text\">\n\t\t\t\t\t\u0130leti\u015fim\t\t\t\t<\/span>\n\t\t\t\t\t\t\t<\/h2>\n\t\t\t\t\t\t\t<\/div>\n\t\t\t\t<\/div>\n\t\t\t\t<div class=\"elementor-element elementor-element-6a1985a elementor-widget-divider--view-line elementor-widget elementor-widget-divider\" data-id=\"6a1985a\" data-element_type=\"widget\" data-widget_type=\"divider.default\">\n\t\t\t\t<div class=\"elementor-widget-container\">\n\t\t\t\t\t\t\t<div class=\"elementor-divider\">\n\t\t\t<span class=\"elementor-divider-separator\">\n\t\t\t\t\t\t<\/span>\n\t\t<\/div>\n\t\t\t\t\t\t<\/div>\n\t\t\t\t<\/div>\n\t\t\t\t<div class=\"elementor-element elementor-element-b8c5fad pp-dual-heading-inline elementor-widget elementor-widget-pp-dual-heading\" data-id=\"b8c5fad\" data-element_type=\"widget\" data-widget_type=\"pp-dual-heading.default\">\n\t\t\t\t<div class=\"elementor-widget-container\">\n\t\t\t\t\t<div class=\"pp-dual-heading\"><a href=\"#form\"><span class=\"pp-first-text\">Bir Telefon Kadar Uza\u011f\u0131n\u0131zday\u0131z!<\/span><span class=\"pp-second-text\">Bizimle \u0130leti\u015fime Ge\u00e7<\/span><\/a><\/div>\t\t\t\t<\/div>\n\t\t\t\t<\/div>\n\t\t\t\t<section class=\"elementor-section elementor-inner-section elementor-element elementor-element-2e49699 elementor-section-boxed elementor-section-height-default elementor-section-height-default\" data-id=\"2e49699\" data-element_type=\"section\">\n\t\t\t\t\t\t<div class=\"elementor-container elementor-column-gap-extended\">\n\t\t\t\t\t<div class=\"elementor-column elementor-col-33 elementor-inner-column elementor-element elementor-element-857fd7e\" data-id=\"857fd7e\" data-element_type=\"column\">\n\t\t\t<div class=\"elementor-widget-wrap elementor-element-populated\">\n\t\t\t\t\t\t<div class=\"elementor-element elementor-element-9dfdef2 elementor-position-left elementor-view-default elementor-mobile-position-top elementor-vertical-align-top elementor-widget elementor-widget-icon-box\" data-id=\"9dfdef2\" data-element_type=\"widget\" data-settings=\"{&quot;_animation&quot;:&quot;none&quot;}\" data-widget_type=\"icon-box.default\">\n\t\t\t\t<div class=\"elementor-widget-container\">\n\t\t\t\t\t\t\t<div class=\"elementor-icon-box-wrapper\">\n\n\t\t\t\t\t\t<div class=\"elementor-icon-box-icon\">\n\t\t\t\t<a href=\"#\" class=\"elementor-icon\" tabindex=\"-1\" aria-label=\"Adres\">\n\t\t\t\t<svg xmlns=\"http:\/\/www.w3.org\/2000\/svg\" height=\"64\" width=\"64\" viewBox=\"0 0 64 64\"><title>map compass<\/title><g stroke-linecap=\"square\" stroke-width=\"2\" fill=\"none\" stroke=\"#eb4438\" stroke-linejoin=\"miter\" class=\"nc-icon-wrapper\" stroke-miterlimit=\"10\"><line data-cap=\"butt\" x1=\"22\" y1=\"3\" x2=\"22\" y2=\"47\" stroke-linecap=\"butt\"><\/line><line data-cap=\"butt\" x1=\"42\" y1=\"11\" x2=\"42\" y2=\"27\" stroke-linecap=\"butt\"><\/line><circle cx=\"47\" cy=\"47\" r=\"15\" stroke=\"#2e4c5f\"><\/circle><polygon points=\" 53,41 49,49 41,53 45,45 \" stroke=\"#2e4c5f\"><\/polygon><polyline points=\"25.998,48.599 22,47 2,53 2,9 22,3 42,11 62,5 62,32 \"><\/polyline><\/g><\/svg>\t\t\t\t<\/a>\n\t\t\t<\/div>\n\t\t\t\n\t\t\t\t\t\t<div class=\"elementor-icon-box-content\">\n\n\t\t\t\t\t\t\t\t\t<h3 class=\"elementor-icon-box-title\">\n\t\t\t\t\t\t<a href=\"#\" >\n\t\t\t\t\t\t\tAdres\t\t\t\t\t\t<\/a>\n\t\t\t\t\t<\/h3>\n\t\t\t\t\n\t\t\t\t\t\t\t\t\t<p class=\"elementor-icon-box-description\">\n\t\t\t\t\t\tDalaman, Mu\u011fla<br>\n\t\t\t\t\t<\/p>\n\t\t\t\t\n\t\t\t<\/div>\n\t\t\t\n\t\t<\/div>\n\t\t\t\t\t\t<\/div>\n\t\t\t\t<\/div>\n\t\t\t\t\t<\/div>\n\t\t<\/div>\n\t\t\t\t<div class=\"elementor-column elementor-col-33 elementor-inner-column elementor-element elementor-element-21a9ddf elementor-invisible\" data-id=\"21a9ddf\" data-element_type=\"column\" data-settings=\"{&quot;animation&quot;:&quot;fadeIn&quot;,&quot;animation_delay&quot;:200}\">\n\t\t\t<div class=\"elementor-widget-wrap elementor-element-populated\">\n\t\t\t\t\t\t<div class=\"elementor-element elementor-element-666b409 elementor-position-left elementor-view-default elementor-mobile-position-top elementor-vertical-align-top elementor-widget elementor-widget-icon-box\" data-id=\"666b409\" data-element_type=\"widget\" data-settings=\"{&quot;_animation&quot;:&quot;none&quot;}\" data-widget_type=\"icon-box.default\">\n\t\t\t\t<div class=\"elementor-widget-container\">\n\t\t\t\t\t\t\t<div class=\"elementor-icon-box-wrapper\">\n\n\t\t\t\t\t\t<div class=\"elementor-icon-box-icon\">\n\t\t\t\t<a href=\"#form\" class=\"elementor-icon\" tabindex=\"-1\" aria-label=\"7\/24 Ula\u015f\">\n\t\t\t\t<svg xmlns=\"http:\/\/www.w3.org\/2000\/svg\" height=\"64\" width=\"64\" viewBox=\"0 0 64 64\"><title>sign 24h<\/title><g stroke-linecap=\"square\" stroke-width=\"2\" fill=\"none\" stroke=\"#eb4438\" stroke-linejoin=\"miter\" class=\"nc-icon-wrapper\" stroke-miterlimit=\"10\"><line data-cap=\"butt\" stroke=\"#2e4c5f\" x1=\"14\" y1=\"18\" x2=\"28.641\" y2=\"8.173\" stroke-linecap=\"butt\"><\/line><line data-cap=\"butt\" stroke=\"#2e4c5f\" x1=\"50\" y1=\"18\" x2=\"35.359\" y2=\"8.173\" stroke-linecap=\"butt\"><\/line><rect x=\"2\" y=\"18\" width=\"60\" height=\"42\"><\/rect><circle cx=\"32\" cy=\"6\" r=\"4\"><\/circle><path d=\"M21.502,46.241h-9.678v-1.738l3.682-3.701c1.087-1.113,1.809-1.903,2.163-2.368 s0.613-0.903,0.776-1.313s0.244-0.85,0.244-1.318c0-0.645-0.193-1.152-0.581-1.523s-0.923-0.557-1.606-0.557 c-0.547,0-1.076,0.101-1.587,0.303s-1.102,0.566-1.772,1.094l-1.24-1.514c0.794-0.67,1.565-1.146,2.314-1.426s1.546-0.42,2.393-0.42 c1.328,0,2.393,0.347,3.193,1.04s1.201,1.626,1.201,2.798c0,0.645-0.115,1.256-0.347,1.836s-0.586,1.177-1.064,1.792 s-1.274,1.447-2.388,2.495l-2.48,2.402v0.098h6.777V46.241z\" stroke-linejoin=\"miter\" stroke=\"none\" fill=\"#2e4c5f\"><\/path><path d=\"M33.426,43.126h-1.924v3.115h-2.236v-3.115h-6.523v-1.768l6.523-9.434h2.236v9.297 h1.924V43.126z M29.266,41.222v-3.584c0-1.276,0.032-2.321,0.098-3.135h-0.078c-0.183,0.43-0.469,0.951-0.859,1.562l-3.545,5.156 H29.266z\" stroke-linejoin=\"miter\" stroke=\"none\" fill=\"#2e4c5f\"><\/path><path d=\"M41.414,31.964l-5.312,14.277h-2.168l5.322-14.277H41.414z\" stroke-linejoin=\"miter\" stroke=\"none\" fill=\"#2e4c5f\"><\/path><path d=\"M44.08,46.241l5.645-12.236h-7.422v-2.021h9.873v1.602l-5.615,12.656H44.08z\" stroke-linejoin=\"miter\" stroke=\"none\" fill=\"#2e4c5f\"><\/path><\/g><\/svg>\t\t\t\t<\/a>\n\t\t\t<\/div>\n\t\t\t\n\t\t\t\t\t\t<div class=\"elementor-icon-box-content\">\n\n\t\t\t\t\t\t\t\t\t<h3 class=\"elementor-icon-box-title\">\n\t\t\t\t\t\t<a href=\"#form\" >\n\t\t\t\t\t\t\t7\/24 Ula\u015f\t\t\t\t\t\t<\/a>\n\t\t\t\t\t<\/h3>\n\t\t\t\t\n\t\t\t\t\t\t\t\t\t<p class=\"elementor-icon-box-description\">\n\t\t\t\t\t\tTelefon numaras\u0131: +90 (555) 810 1267<br>\nEmail: info@kecioutdoor.com\t\t\t\t\t<\/p>\n\t\t\t\t\n\t\t\t<\/div>\n\t\t\t\n\t\t<\/div>\n\t\t\t\t\t\t<\/div>\n\t\t\t\t<\/div>\n\t\t\t\t\t<\/div>\n\t\t<\/div>\n\t\t\t\t<div class=\"elementor-column elementor-col-33 elementor-inner-column elementor-element elementor-element-94e2dab elementor-invisible\" data-id=\"94e2dab\" data-element_type=\"column\" data-settings=\"{&quot;animation&quot;:&quot;fadeIn&quot;,&quot;animation_delay&quot;:400}\">\n\t\t\t<div class=\"elementor-widget-wrap elementor-element-populated\">\n\t\t\t\t\t\t<div class=\"elementor-element elementor-element-d3855c9 elementor-position-left elementor-view-default elementor-mobile-position-top elementor-vertical-align-top elementor-widget elementor-widget-icon-box\" data-id=\"d3855c9\" data-element_type=\"widget\" data-settings=\"{&quot;_animation&quot;:&quot;none&quot;}\" data-widget_type=\"icon-box.default\">\n\t\t\t\t<div class=\"elementor-widget-container\">\n\t\t\t\t\t\t\t<div class=\"elementor-icon-box-wrapper\">\n\n\t\t\t\t\t\t<div class=\"elementor-icon-box-icon\">\n\t\t\t\t<a href=\"#\" class=\"elementor-icon\" tabindex=\"-1\" aria-label=\"S\u0131k\u00e7a sorulan &lt;p&gt; sorular\">\n\t\t\t\t<svg xmlns=\"http:\/\/www.w3.org\/2000\/svg\" height=\"64\" width=\"64\" viewBox=\"0 0 64 64\"><title>b meeting<\/title><g stroke-linecap=\"square\" stroke-width=\"2\" fill=\"none\" stroke=\"#eb4438\" stroke-linejoin=\"miter\" class=\"nc-icon-wrapper\" stroke-miterlimit=\"10\"><polygon points=\" 62,2 28,2 28,30 38,22 62,22 \" stroke=\"#2e4c5f\"><\/polygon><circle cx=\"50\" cy=\"36\" r=\"6\"><\/circle><circle cx=\"14\" cy=\"36\" r=\"6\"><\/circle><path d=\"M26,60v-5.965 c0-1.42-0.745-2.726-1.967-3.449C22.088,49.435,18.716,48,14,48c-4.777,0-8.127,1.426-10.052,2.575C2.736,51.299,2,52.601,2,54.013 V60H26z\"><\/path><path d=\"M62,60v-5.965 c0-1.42-0.745-2.726-1.967-3.449C58.088,49.435,54.716,48,50,48c-4.777,0-8.127,1.426-10.052,2.575 C38.736,51.299,38,52.601,38,54.013V60H62z\"><\/path><\/g><\/svg>\t\t\t\t<\/a>\n\t\t\t<\/div>\n\t\t\t\n\t\t\t\t\t\t<div class=\"elementor-icon-box-content\">\n\n\t\t\t\t\t\t\t\t\t<h3 class=\"elementor-icon-box-title\">\n\t\t\t\t\t\t<a href=\"#\" >\n\t\t\t\t\t\t\tS\u0131k\u00e7a sorulan <p> sorular\t\t\t\t\t\t<\/a>\n\t\t\t\t\t<\/h3>\n\t\t\t\t\n\t\t\t\t\t\t\t\t\t<p class=\"elementor-icon-box-description\">\n\t\t\t\t\t\tBu alan yak\u0131nda doldurulacakt\u0131r.\t\t\t\t\t<\/p>\n\t\t\t\t\n\t\t\t<\/div>\n\t\t\t\n\t\t<\/div>\n\t\t\t\t\t\t<\/div>\n\t\t\t\t<\/div>\n\t\t\t\t\t<\/div>\n\t\t<\/div>\n\t\t\t\t\t<\/div>\n\t\t<\/section>\n\t\t\t\t\t<\/div>\n\t\t<\/div>\n\t\t\t\t\t<\/div>\n\t\t<\/section>\n\t\t\t\t<section class=\"elementor-section elementor-top-section elementor-element elementor-element-1e91b2b elementor-section-boxed elementor-section-height-default elementor-section-height-default\" data-id=\"1e91b2b\" data-element_type=\"section\">\n\t\t\t\t\t\t<div class=\"elementor-container elementor-column-gap-default\">\n\t\t\t\t\t<div class=\"elementor-column elementor-col-33 elementor-top-column elementor-element elementor-element-5fbd4bf\" data-id=\"5fbd4bf\" data-element_type=\"column\">\n\t\t\t<div class=\"elementor-widget-wrap elementor-element-populated\">\n\t\t\t\t\t\t<div class=\"elementor-element elementor-element-9fa0398 elementor-widget elementor-widget-menu-anchor\" data-id=\"9fa0398\" data-element_type=\"widget\" data-widget_type=\"menu-anchor.default\">\n\t\t\t\t<div class=\"elementor-widget-container\">\n\t\t\t\t\t\t\t<div class=\"elementor-menu-anchor\" id=\"form\"><\/div>\n\t\t\t\t\t\t<\/div>\n\t\t\t\t<\/div>\n\t\t\t\t<div class=\"elementor-element elementor-element-6bba43e pp-contact-form-7-button-custom elementor-widget elementor-widget-pp-contact-form-7\" data-id=\"6bba43e\" data-element_type=\"widget\" data-widget_type=\"pp-contact-form-7.default\">\n\t\t\t\t<div class=\"elementor-widget-container\">\n\t\t\t\t\t\t\t\t\t<div class=\"pp-contact-form pp-contact-form-7 placeholder-show\">\n\t\t\t\t\t\t\t\t\t\t\t<div class=\"pp-contact-form-7-heading\">\n\t\t\t\t\t\t\t\t\t\t\t\t\t\t\t<h3 class=\"pp-contact-form-title pp-contact-form-7-title\">\n\t\t\t\t\t\t\t\t\tMesaj\u0131n\u0131 G\u00f6nder\t\t\t\t\t\t\t\t<\/h3>\n\t\t\t\t\t\t\t\t\t\t\t\t\t\t\t\t\t\t\t\t\t\t<div class=\"pp-contact-form-description pp-contact-form-7-description\">\n\t\t\t\t\t\t\t\t\tEn K\u0131sa S\u00fcre \u0130\u00e7erisinde Sizinle \u0130leti\u015fime Ge\u00e7ece\u011fiz!\t\t\t\t\t\t\t\t<\/div>\n\t\t\t\t\t\t\t\t\t\t\t\t\t<\/div>\n\t\t\t\t\t\t\t\t\t\t\n<div class=\"wpcf7 no-js\" id=\"wpcf7-f309-o1\" lang=\"en-US\" dir=\"ltr\" data-wpcf7-id=\"309\">\n<div class=\"screen-reader-response\"><p role=\"status\" aria-live=\"polite\" aria-atomic=\"true\"><\/p> <ul><\/ul><\/div>\n<form action=\"\/index.php?rest_route=%2Fwp%2Fv2%2Fpages%2F59#wpcf7-f309-o1\" method=\"post\" class=\"wpcf7-form init\" aria-label=\"Contact form\" novalidate=\"novalidate\" data-status=\"init\">\n<div style=\"display: none;\">\n<input type=\"hidden\" name=\"_wpcf7\" value=\"309\" \/>\n<input type=\"hidden\" name=\"_wpcf7_version\" value=\"6.0.3\" \/>\n<input type=\"hidden\" name=\"_wpcf7_locale\" value=\"en_US\" \/>\n<input type=\"hidden\" name=\"_wpcf7_unit_tag\" value=\"wpcf7-f309-o1\" \/>\n<input type=\"hidden\" name=\"_wpcf7_container_post\" value=\"0\" \/>\n<input type=\"hidden\" name=\"_wpcf7_posted_data_hash\" value=\"\" \/>\n<\/div>\n<div class=\"ctform\">\n\t<p class=\"form-row\"><br \/>\n<label>\u0130sim - Soyisim*<\/label><br \/>\n<span class=\"wpcf7-form-control-wrap\" data-name=\"text-209\"><input size=\"40\" maxlength=\"400\" class=\"wpcf7-form-control wpcf7-text wpcf7-validates-as-required\" aria-required=\"true\" aria-invalid=\"false\" placeholder=\"\" value=\"\" type=\"text\" name=\"text-209\" \/><\/span>\n\t<\/p>\n\t<p class=\"form-row\"><br \/>\n<label>Email *<\/label><br \/>\n<span class=\"wpcf7-form-control-wrap\" data-name=\"email-14\"><input size=\"40\" maxlength=\"400\" class=\"wpcf7-form-control wpcf7-email wpcf7-validates-as-required wpcf7-text wpcf7-validates-as-email\" aria-required=\"true\" aria-invalid=\"false\" placeholder=\"\" value=\"\" type=\"email\" name=\"email-14\" \/><\/span>\n\t<\/p>\n\t<p class=\"form-row\"><br \/>\n<label>Telefon Numaras\u0131<\/label><br \/>\n<span class=\"wpcf7-form-control-wrap\" data-name=\"tel-478\"><input size=\"40\" maxlength=\"400\" class=\"wpcf7-form-control wpcf7-tel wpcf7-text wpcf7-validates-as-tel\" aria-invalid=\"false\" placeholder=\"\" value=\"\" type=\"tel\" name=\"tel-478\" \/><\/span>\n\t<\/p>\n\t<p class=\"form-row note\"><br \/>\n<label>Mesaj<\/label><br \/>\n<span class=\"wpcf7-form-control-wrap\" data-name=\"textarea-988\"><textarea cols=\"40\" rows=\"10\" maxlength=\"2000\" class=\"wpcf7-form-control wpcf7-textarea\" aria-invalid=\"false\" placeholder=\"\" name=\"textarea-988\"><\/textarea><\/span>\n\t<\/p>\n\t<p><br \/>\n<input class=\"wpcf7-form-control wpcf7-submit has-spinner\" type=\"submit\" value=\"G\u00f6nder\" \/>\n\t<\/p>\n\t<p><br \/>\n<span class=\"wpcf7-form-control-wrap\" data-name=\"acceptance-133\"><span class=\"wpcf7-form-control wpcf7-acceptance\"><span class=\"wpcf7-list-item\"><label><input type=\"checkbox\" name=\"acceptance-133\" value=\"1\" checked=\"checked\" aria-invalid=\"false\" \/><span class=\"wpcf7-list-item-label\">Gizlilik Politikas\u0131n\u0131 okudum ve kabul ediyorum<\/span><\/label><\/span><\/span><\/span>\n\t<\/p>\n<\/div><div class=\"wpcf7-response-output\" aria-hidden=\"true\"><\/div>\n<\/form>\n<\/div>\n\t\t\t\t<\/div>\n\t\t\t\t\t\t\t\t<\/div>\n\t\t\t\t<\/div>\n\t\t\t\t\t<\/div>\n\t\t<\/div>\n\t\t\t\t<div class=\"elementor-column elementor-col-33 elementor-top-column elementor-element elementor-element-0d18034\" data-id=\"0d18034\" data-element_type=\"column\">\n\t\t\t<div class=\"elementor-widget-wrap\">\n\t\t\t\t\t\t\t<\/div>\n\t\t<\/div>\n\t\t\t\t<div class=\"elementor-column elementor-col-33 elementor-top-column elementor-element elementor-element-e2d05b4 elementor-hidden-tablet elementor-hidden-mobile\" data-id=\"e2d05b4\" data-element_type=\"column\">\n\t\t\t<div class=\"elementor-widget-wrap elementor-element-populated\">\n\t\t\t\t\t\t<div class=\"elementor-element elementor-element-cd86f53 elementor-invisible elementor-widget elementor-widget-image\" data-id=\"cd86f53\" data-element_type=\"widget\" data-settings=\"{&quot;_animation&quot;:&quot;fadeIn&quot;}\" data-widget_type=\"image.default\">\n\t\t\t\t<div class=\"elementor-widget-container\">\n\t\t\t\t\t\t\t\t\t\t\t\t\t\t\t<img fetchpriority=\"high\" decoding=\"async\" width=\"1440\" height=\"1800\" src=\"https:\/\/kecioutdoor.com\/wp-content\/uploads\/2024\/04\/C58C7200-B8AC-46D5-8DF1-D7FAD68DA9CB.jpg\" class=\"attachment-full size-full wp-image-1796\" alt=\"\" srcset=\"https:\/\/kecioutdoor.com\/wp-content\/uploads\/2024\/04\/C58C7200-B8AC-46D5-8DF1-D7FAD68DA9CB.jpg 1440w, https:\/\/kecioutdoor.com\/wp-content\/uploads\/2024\/04\/C58C7200-B8AC-46D5-8DF1-D7FAD68DA9CB-240x300.jpg 240w, https:\/\/kecioutdoor.com\/wp-content\/uploads\/2024\/04\/C58C7200-B8AC-46D5-8DF1-D7FAD68DA9CB-819x1024.jpg 819w, https:\/\/kecioutdoor.com\/wp-content\/uploads\/2024\/04\/C58C7200-B8AC-46D5-8DF1-D7FAD68DA9CB-768x960.jpg 768w, https:\/\/kecioutdoor.com\/wp-content\/uploads\/2024\/04\/C58C7200-B8AC-46D5-8DF1-D7FAD68DA9CB-1229x1536.jpg 1229w, https:\/\/kecioutdoor.com\/wp-content\/uploads\/2024\/04\/C58C7200-B8AC-46D5-8DF1-D7FAD68DA9CB-600x750.jpg 600w\" sizes=\"(max-width: 1440px) 100vw, 1440px\" \/>\t\t\t\t\t\t\t\t\t\t\t\t\t\t\t<\/div>\n\t\t\t\t<\/div>\n\t\t\t\t\t<\/div>\n\t\t<\/div>\n\t\t\t\t\t<\/div>\n\t\t<\/section>\n\t\t\t\t<\/div>\n\t\t","protected":false},"excerpt":{"rendered":"<p>\u0130leti\u015fim Bir Telefon Kadar Uza\u011f\u0131n\u0131zday\u0131z! Bizimle \u0130leti\u015fime Ge\u00e7 Adres Dalaman, Mu\u011fla \u00a0 7\/24 Ula\u015f Telefon numaras\u0131: +90 (555) 810 1267 Email: info@kecioutdoor.com \u00a0 S\u0131k\u00e7a sorulan sorular Bu alan yak\u0131nda doldurulacakt\u0131r. Mesaj\u0131n\u0131 G\u00f6nder En K\u0131sa S\u00fcre \u0130\u00e7erisinde Sizinle \u0130leti\u015fime Ge\u00e7ece\u011fiz! \u0130sim &#8211; Soyisim* Email * Telefon Numaras\u0131 Mesaj Gizlilik Politikas\u0131n\u0131 okudum ve kabul ediyorum<\/p>\n","protected":false},"author":1,"featured_media":0,"parent":0,"menu_order":0,"comment_status":"closed","ping_status":"closed","template":"tmpl\/template-fullwidth.php","meta":{"_acf_changed":false,"inline_featured_image":false,"footnotes":""},"class_list":["post-59","page","type-page","status-publish","hentry"],"acf":[],"_links":{"self":[{"href":"https:\/\/kecioutdoor.com\/index.php?rest_route=\/wp\/v2\/pages\/59","targetHints":{"allow":["GET"]}}],"collection":[{"href":"https:\/\/kecioutdoor.com\/index.php?rest_route=\/wp\/v2\/pages"}],"about":[{"href":"https:\/\/kecioutdoor.com\/index.php?rest_route=\/wp\/v2\/types\/page"}],"author":[{"embeddable":true,"href":"https:\/\/kecioutdoor.com\/index.php?rest_route=\/wp\/v2\/users\/1"}],"replies":[{"embeddable":true,"href":"https:\/\/kecioutdoor.com\/index.php?rest_route=%2Fwp%2Fv2%2Fcomments&post=59"}],"version-history":[{"count":9,"href":"https:\/\/kecioutdoor.com\/index.php?rest_route=\/wp\/v2\/pages\/59\/revisions"}],"predecessor-version":[{"id":1808,"href":"https:\/\/kecioutdoor.com\/index.php?rest_route=\/wp\/v2\/pages\/59\/revisions\/1808"}],"wp:attachment":[{"href":"https:\/\/kecioutdoor.com\/index.php?rest_route=%2Fwp%2Fv2%2Fmedia&parent=59"}],"curies":[{"name":"wp","href":"https:\/\/api.w.org\/{rel}","templated":true}]}}