{"id":76,"date":"2022-03-04T01:50:01","date_gmt":"2022-03-04T01:50:01","guid":{"rendered":"https:\/\/live.21lab.co\/nanofit\/?page_id=76"},"modified":"2026-03-10T17:00:17","modified_gmt":"2026-03-10T17:00:17","slug":"kurban-bayrami-ozel-butik-likya-yolu","status":"publish","type":"page","link":"https:\/\/kecioutdoor.com\/?page_id=76","title":{"rendered":"Karia yolu En \u00d6zel Parkurlar\u0131"},"content":{"rendered":"\t\t<div data-elementor-type=\"wp-page\" data-elementor-id=\"76\" class=\"elementor elementor-76\">\n\t\t\t\t\t\t<section class=\"elementor-section elementor-top-section elementor-element elementor-element-7cbf4dcd elementor-section-boxed elementor-section-height-default elementor-section-height-default\" data-id=\"7cbf4dcd\" data-element_type=\"section\" data-settings=\"{&quot;background_background&quot;:&quot;classic&quot;}\">\n\t\t\t\t\t\t\t<div class=\"elementor-background-overlay\"><\/div>\n\t\t\t\t\t\t\t<div class=\"elementor-container elementor-column-gap-default\">\n\t\t\t\t\t<div class=\"elementor-column elementor-col-100 elementor-top-column elementor-element elementor-element-33d96c56\" data-id=\"33d96c56\" data-element_type=\"column\">\n\t\t\t<div class=\"elementor-widget-wrap elementor-element-populated\">\n\t\t\t\t\t\t<div class=\"elementor-element elementor-element-13d9f865 pp-heading-fill-solid elementor-widget elementor-widget-pp-fancy-heading\" data-id=\"13d9f865\" data-element_type=\"widget\" data-widget_type=\"pp-fancy-heading.default\">\n\t\t\t\t<div class=\"elementor-widget-container\">\n\t\t\t\t\t\t\t\t<h1 class=\"pp-fancy-heading\">\n\t\t\t\t\t\t\t\t<span class=\"pp-heading-text\">\n\t\t\t\t\tDalyan | G\u00f6cek | Dalaman  Parkurlar\u0131\t\t\t\t<\/span>\n\t\t\t\t\t\t\t<\/h1>\n\t\t\t\t\t\t\t<\/div>\n\t\t\t\t<\/div>\n\t\t\t\t\t<\/div>\n\t\t<\/div>\n\t\t\t\t\t<\/div>\n\t\t<\/section>\n\t\t\t\t<section class=\"elementor-section elementor-top-section elementor-element elementor-element-7317df6c elementor-section-boxed elementor-section-height-default elementor-section-height-default\" data-id=\"7317df6c\" data-element_type=\"section\">\n\t\t\t\t\t\t<div class=\"elementor-container elementor-column-gap-custom\">\n\t\t\t\t\t<div class=\"elementor-column elementor-col-100 elementor-top-column elementor-element elementor-element-fabb185\" data-id=\"fabb185\" data-element_type=\"column\">\n\t\t\t<div class=\"elementor-widget-wrap elementor-element-populated\">\n\t\t\t\t\t\t<div class=\"elementor-element elementor-element-26b9869 elementor-drop-cap-yes elementor-widget__width-initial elementor-drop-cap-view-default elementor-widget elementor-widget-text-editor\" data-id=\"26b9869\" data-element_type=\"widget\" data-settings=\"{&quot;drop_cap&quot;:&quot;yes&quot;}\" data-widget_type=\"text-editor.default\">\n\t\t\t\t<div class=\"elementor-widget-container\">\n\t\t\t\t\t\t\t\t\t<div data-id=\"824d375\" data-element_type=\"widget\" data-widget_type=\"gva_post_name.default\">\n<div>\n<div>\n<div>\n<p>Tarih 7-8-9-10 May\u0131s\u00a0<\/p>\n<ol>\n<li><strong> G\u00fcn: G\u00f6kbel &#8211; \u015eeytanc\u0131k Koyu &#8211; A\u015f\u0131 Koyu (10 km)<\/strong> Saat 10.00&#8217;da Dalaman Havaliman\u0131 ve Dalaman Otogar\u0131&#8217;ndan gelen misafirlerimizi alarak y\u00fcr\u00fcy\u00fc\u015f parkurumuza do\u011fru yola \u00e7\u0131k\u0131yoruz. G\u00f6kbel\u2019den ba\u015flayarak A\u015f\u0131 Koyu\u2019na kadar y\u00fcr\u00fcy\u00fc\u015f\u00fcm\u00fcz\u00fc ger\u00e7ekle\u015ftiriyoruz. Burada dileyen misafirlerimiz denize girebilir. Y\u00fcr\u00fcy\u00fc\u015f\u00fcm\u00fcz\u00fcn ard\u0131ndan Dalyan\u2019daki pansiyonumuza ge\u00e7erek konaklamam\u0131za ba\u015fl\u0131yoruz. Ak\u015fam yeme\u011fimizi yiyip ertesi g\u00fcn hakk\u0131nda bilgilendirme yap\u0131yoruz.<\/li>\n<li><strong> G\u00fcn: Sarsala Koyu &#8211; Kleopatra Hamam Koyu &#8211; Cennet Koyu &#8211; Kur\u015funlu Koyu &#8211; Mart\u0131 Koyu (15 km)<\/strong> Bug\u00fcn sizleri Dalaman b\u00f6lgesinin en bakir koylar\u0131na g\u00f6t\u00fcr\u00fcyoruz. Denize s\u0131f\u0131r patikalardan y\u00fcr\u00fcyerek \u00f6nce Hamam Koyu\u2019na ula\u015f\u0131yoruz. G\u00fcn boyunca bol bol denize girme f\u0131rsat\u0131m\u0131z olacak. G\u00fcn\u00fcn sonunda d\u00f6n\u00fc\u015f\u00fcm\u00fcz Sarsala Koyu\u2019ndan tekne ile ger\u00e7ekle\u015fecektir.<\/li>\n<li><strong> G\u00fcn: Dalyan &#8211; \u00c7and\u0131r &#8211; \u00c7and\u0131r Seyir Teras\u0131 &#8211; \u0130ztuzu Plaj\u0131 &#8211; Ormanc\u0131 Koyu (15 km)<\/strong> Konaklad\u0131\u011f\u0131m\u0131z pansiyondan y\u00fcr\u00fcy\u00fc\u015fe ba\u015fl\u0131yoruz. Sandallarla kar\u015f\u0131ya ge\u00e7ip \u00c7and\u0131r K\u00f6y\u00fc\u2019nden ge\u00e7erek seyir teras\u0131na ula\u015f\u0131yoruz. Burada muhte\u015fem Dalyan Deltas\u0131\u2019n\u0131 izleme f\u0131rsat\u0131m\u0131z olacak. Daha sonra Ormanc\u0131 Koyu\u2019nda bizi tekne kar\u015f\u0131layarak Dalyan Deltas\u0131\u2019n\u0131n i\u00e7inden pansiyonumuza geri g\u00f6t\u00fcrecektir.<\/li>\n<li><strong> G\u00fcn: Kille Koyu &#8211; Bedri Rahmi Koyu (4 km)<\/strong> Kahvalt\u0131n\u0131n ard\u0131ndan Kille Koyu\u2019na hareket ediyoruz. Buradan 2 km\u2019lik y\u00fcr\u00fcy\u00fc\u015fle Bedri Rahmi Koyu\u2019na ula\u015f\u0131yoruz ve \u00fcnl\u00fc sanat\u00e7\u0131n\u0131n 1974 y\u0131l\u0131nda kayaya \u00e7izdi\u011fi eseri yak\u0131ndan inceliyoruz. Kille Koyu\u2019nda kahvelerimizi i\u00e7tikten sonra d\u00f6n\u00fc\u015fe ge\u00e7iyoruz. <strong>Tur biti\u015f saatimiz 15.00\u2019tir, l\u00fctfen biletlerinizi bu saate g\u00f6re al\u0131n.<\/strong><\/li>\n<\/ol>\n<p><strong>\u00dccret ve Rezervasyon<\/strong><\/p>\n<p><strong>Etkinlik \u00dccreti:<\/strong><\/p>\n<ul>\n<li><strong>\u0130ki ki\u015filik odalarda ki\u015fi ba\u015f\u0131:<\/strong> 19500<\/li>\n<li><strong>Tek ki\u015filik konaklama fark\u0131:<\/strong> 4.000 TL<\/li>\n<\/ul>\n<p><strong>Mutlaka Olmas\u0131 Gerekenler<\/strong><\/p>\n<ul>\n<li>Bir \u00e7ift baton<\/li>\n<li>Do\u011fa y\u00fcr\u00fcy\u00fc\u015f\u00fcne uygun ayakkab\u0131 (bilekli tavsiye edilir)<\/li>\n<li>Ya\u011fmurluk<\/li>\n<li>G\u00fcne\u015f kremi<\/li>\n<li>M\u00fcze Kart<\/li>\n<li>Kulland\u0131\u011f\u0131n\u0131z ila\u00e7lar<\/li>\n<li>15-20 litrelik g\u00fcnl\u00fck s\u0131rt \u00e7antas\u0131<\/li>\n<li>\u015eapka<\/li>\n<li>Havlu, mayo, \u015fort<\/li>\n<\/ul>\n<p><strong>Neler Dahil?<br \/><br \/><\/strong>3 gece ayn\u0131 pansiyon konaklama<br \/>kahvalt\u0131 ve ak\u015fam yemekleri<br \/>Dalaman havaalan\u0131ndan ba\u015flay\u0131p havaalan\u0131nda biten b\u00fct\u00fcn transferler<br \/>zorunlu seyehat sigortas\u0131<br \/>Rehberlik hizmeti<\/p>\n<\/div>\n<\/div>\n<\/div>\n<\/div>\t\t\t\t\t\t\t\t<\/div>\n\t\t\t\t<\/div>\n\t\t\t\t\t<\/div>\n\t\t<\/div>\n\t\t\t\t\t<\/div>\n\t\t<\/section>\n\t\t<div class=\"elementor-element elementor-element-4beb59f e-flex e-con-boxed e-con e-parent\" data-id=\"4beb59f\" data-element_type=\"container\">\n\t\t\t\t\t<div class=\"e-con-inner\">\n\t\t\t\t\t<\/div>\n\t\t\t\t<\/div>\n\t\t<div class=\"elementor-element elementor-element-4bc4c1e e-flex e-con-boxed e-con e-parent\" data-id=\"4bc4c1e\" data-element_type=\"container\">\n\t\t\t\t\t<div class=\"e-con-inner\">\n\t\t\t\t<div class=\"elementor-element elementor-element-cc2a2c1 elementor-widget elementor-widget-google_maps\" data-id=\"cc2a2c1\" data-element_type=\"widget\" data-widget_type=\"google_maps.default\">\n\t\t\t\t<div class=\"elementor-widget-container\">\n\t\t\t\t\t\t\t<div class=\"elementor-custom-embed\">\n\t\t\t<iframe loading=\"lazy\"\n\t\t\t\t\tsrc=\"https:\/\/maps.google.com\/maps?q=latmos&#038;t=m&#038;z=10&#038;output=embed&#038;iwloc=near\"\n\t\t\t\t\ttitle=\"latmos\"\n\t\t\t\t\taria-label=\"latmos\"\n\t\t\t><\/iframe>\n\t\t<\/div>\n\t\t\t\t\t\t<\/div>\n\t\t\t\t<\/div>\n\t\t\t\t\t<\/div>\n\t\t\t\t<\/div>\n\t\t<div class=\"elementor-element elementor-element-fb80ed4 e-flex e-con-boxed e-con e-parent\" data-id=\"fb80ed4\" data-element_type=\"container\">\n\t\t\t\t\t<div class=\"e-con-inner\">\n\t\t\t\t\t<\/div>\n\t\t\t\t<\/div>\n\t\t\t\t<\/div>\n\t\t","protected":false},"excerpt":{"rendered":"<p>Dalyan | G\u00f6cek | Dalaman Parkurlar\u0131 Tarih 7-8-9-10 May\u0131s\u00a0 G\u00fcn: G\u00f6kbel &#8211; \u015eeytanc\u0131k Koyu &#8211; A\u015f\u0131 Koyu (10 km) Saat 10.00&#8217;da Dalaman Havaliman\u0131 ve Dalaman Otogar\u0131&#8217;ndan gelen misafirlerimizi alarak y\u00fcr\u00fcy\u00fc\u015f parkurumuza do\u011fru yola \u00e7\u0131k\u0131yoruz. G\u00f6kbel\u2019den ba\u015flayarak A\u015f\u0131 Koyu\u2019na kadar y\u00fcr\u00fcy\u00fc\u015f\u00fcm\u00fcz\u00fc ger\u00e7ekle\u015ftiriyoruz. Burada dileyen misafirlerimiz denize girebilir. Y\u00fcr\u00fcy\u00fc\u015f\u00fcm\u00fcz\u00fcn ard\u0131ndan Dalyan\u2019daki pansiyonumuza ge\u00e7erek konaklamam\u0131za ba\u015fl\u0131yoruz. Ak\u015fam yeme\u011fimizi [&hellip;]<\/p>\n","protected":false},"author":1,"featured_media":2183,"parent":57,"menu_order":0,"comment_status":"closed","ping_status":"closed","template":"tmpl\/template-fullwidth.php","meta":{"_acf_changed":false,"inline_featured_image":false,"footnotes":""},"class_list":["post-76","page","type-page","status-publish","has-post-thumbnail","hentry"],"acf":[],"_links":{"self":[{"href":"https:\/\/kecioutdoor.com\/index.php?rest_route=\/wp\/v2\/pages\/76","targetHints":{"allow":["GET"]}}],"collection":[{"href":"https:\/\/kecioutdoor.com\/index.php?rest_route=\/wp\/v2\/pages"}],"about":[{"href":"https:\/\/kecioutdoor.com\/index.php?rest_route=\/wp\/v2\/types\/page"}],"author":[{"embeddable":true,"href":"https:\/\/kecioutdoor.com\/index.php?rest_route=\/wp\/v2\/users\/1"}],"replies":[{"embeddable":true,"href":"https:\/\/kecioutdoor.com\/index.php?rest_route=%2Fwp%2Fv2%2Fcomments&post=76"}],"version-history":[{"count":46,"href":"https:\/\/kecioutdoor.com\/index.php?rest_route=\/wp\/v2\/pages\/76\/revisions"}],"predecessor-version":[{"id":2387,"href":"https:\/\/kecioutdoor.com\/index.php?rest_route=\/wp\/v2\/pages\/76\/revisions\/2387"}],"up":[{"embeddable":true,"href":"https:\/\/kecioutdoor.com\/index.php?rest_route=\/wp\/v2\/pages\/57"}],"wp:featuredmedia":[{"embeddable":true,"href":"https:\/\/kecioutdoor.com\/index.php?rest_route=\/wp\/v2\/media\/2183"}],"wp:attachment":[{"href":"https:\/\/kecioutdoor.com\/index.php?rest_route=%2Fwp%2Fv2%2Fmedia&parent=76"}],"curies":[{"name":"wp","href":"https:\/\/api.w.org\/{rel}","templated":true}]}}