{"id":78,"date":"2022-03-04T01:52:43","date_gmt":"2022-03-04T01:52:43","guid":{"rendered":"https:\/\/live.21lab.co\/nanofit\/?page_id=78"},"modified":"2026-02-19T18:34:56","modified_gmt":"2026-02-19T18:34:56","slug":"fethiye-oludeniz-kabak-koyu-yediburunlar-sidyma-antik-kenti-karadere","status":"publish","type":"page","link":"https:\/\/kecioutdoor.com\/?page_id=78","title":{"rendered":"Ka\u015f &#8211; Kekova &#8211; Demre (Tekne Turlu)"},"content":{"rendered":"\t\t<div data-elementor-type=\"wp-page\" data-elementor-id=\"78\" class=\"elementor elementor-78\">\n\t\t\t\t\t\t<section class=\"elementor-section elementor-top-section elementor-element elementor-element-665afcd elementor-section-boxed elementor-section-height-default elementor-section-height-default\" data-id=\"665afcd\" data-element_type=\"section\" data-settings=\"{&quot;background_background&quot;:&quot;classic&quot;}\">\n\t\t\t\t\t\t\t<div class=\"elementor-background-overlay\"><\/div>\n\t\t\t\t\t\t\t<div class=\"elementor-container elementor-column-gap-default\">\n\t\t\t\t\t<div class=\"elementor-column elementor-col-100 elementor-top-column elementor-element elementor-element-9358bed\" data-id=\"9358bed\" data-element_type=\"column\">\n\t\t\t<div class=\"elementor-widget-wrap elementor-element-populated\">\n\t\t\t\t\t\t<div class=\"elementor-element elementor-element-376ef7a pp-heading-fill-solid elementor-widget elementor-widget-pp-fancy-heading\" data-id=\"376ef7a\" data-element_type=\"widget\" data-widget_type=\"pp-fancy-heading.default\">\n\t\t\t\t<div class=\"elementor-widget-container\">\n\t\t\t\t\t\t\t\t<h1 class=\"pp-fancy-heading\">\n\t\t\t\t\t\t\t\t<span class=\"pp-heading-text\">\n\t\t\t\t\tKa\u015f Kekova\t\t\t\t<\/span>\n\t\t\t\t\t\t\t<\/h1>\n\t\t\t\t\t\t\t<\/div>\n\t\t\t\t<\/div>\n\t\t\t\t\t<\/div>\n\t\t<\/div>\n\t\t\t\t\t<\/div>\n\t\t<\/section>\n\t\t\t\t<section class=\"elementor-section elementor-top-section elementor-element elementor-element-bf30ba7 elementor-section-boxed elementor-section-height-default elementor-section-height-default\" data-id=\"bf30ba7\" data-element_type=\"section\">\n\t\t\t\t\t\t<div class=\"elementor-container elementor-column-gap-custom\">\n\t\t\t\t\t<div class=\"elementor-column elementor-col-100 elementor-top-column elementor-element elementor-element-152129e\" data-id=\"152129e\" data-element_type=\"column\">\n\t\t\t<div class=\"elementor-widget-wrap elementor-element-populated\">\n\t\t\t\t\t\t<div class=\"elementor-element elementor-element-9661816 elementor-drop-cap-yes elementor-widget__width-initial elementor-drop-cap-view-default elementor-widget elementor-widget-text-editor\" data-id=\"9661816\" data-element_type=\"widget\" data-settings=\"{&quot;drop_cap&quot;:&quot;yes&quot;}\" data-widget_type=\"text-editor.default\">\n\t\t\t\t<div class=\"elementor-widget-container\">\n\t\t\t\t\t\t\t\t\t<div data-id=\"824d375\" data-element_type=\"widget\" data-widget_type=\"gva_post_name.default\">\n<p style=\"margin-bottom: 30px; font-family: Inter; font-size: 17px; font-style: normal; font-weight: 400; text-transform: none;\"><span style=\"font-weight: 600;\">Do\u011fa Dolu Bir Ka\u015f Maceras\u0131na Davetlisiniz!<\/span><\/p>\n<p style=\"margin-bottom: 30px; font-family: Inter; font-size: 17px; font-style: normal; font-weight: 400; text-transform: none;\">Sevgili Gezginler,<\/p>\n<p style=\"margin-bottom: 30px; font-family: Inter; font-size: 17px; font-style: normal; font-weight: 400; text-transform: none;\">Do\u011fa ve tarihle dolu bir Ka\u015f maceras\u0131na kat\u0131lmaya haz\u0131r m\u0131s\u0131n\u0131z? Do\u011fan\u0131n ve tarihin i\u00e7 i\u00e7e ge\u00e7ti\u011fi rotam\u0131z boyunca unutulmaz anlar ya\u015famaya davetlisiniz!&nbsp;<\/p>\n<p style=\"margin-bottom: 30px; font-family: Inter; font-size: 17px; font-style: normal; text-transform: none;\"><b>Tur Tarihleri:<br><\/b>19-20-21-22 Mart (Ramazan Bayram\u0131 \u00d6zel)<br>9-10-11-12 Nisan<br>7-8-9-10 May\u0131s<br>27-28-29-30 May\u0131s (Kurban bayram\u0131 \u00f6zel)<\/p>\n<p style=\"margin-bottom: 30px; font-family: Inter; font-size: 17px; font-style: normal; font-weight: 400; text-transform: none;\"><span style=\"font-weight: 600;\">Konaklama:<\/span>&nbsp;3 gece pansiyon konaklama (1 gece Ka\u015f, 2 gece Kale\u00fc\u00e7a\u011f\u0131z) E\u011fer son gece ka\u015fta kalmak isterseniz l\u00fctfen \u00f6nceden bilgilendirmeyi yap\u0131n.&nbsp;<\/p>\n<p style=\"margin-bottom: 30px; font-family: Inter; font-size: 17px; font-style: normal; font-weight: 400; text-transform: none;\">\ufe0f&nbsp;<span style=\"font-weight: 600;\">Yeme \u0130\u00e7me:<\/span>&nbsp;Sabah kahvalt\u0131lar\u0131 ve ak\u015fam yemekleri .<\/p>\n<p style=\"margin-bottom: 30px; font-family: Inter; font-size: 17px; font-style: normal; font-weight: 400; text-transform: none;\"><span style=\"font-weight: 600;\">Transferler:<\/span>&nbsp;Ka\u015f\u2019tan ba\u015flay\u0131p Ka\u015f\u2019ta biten b\u00fct\u00fcn&nbsp; transferler. Dalaman havaalan\u0131na inecek olanlar l\u00fctfen bilgilendirme yaps\u0131n.<\/p>\n<p style=\"margin-bottom: 30px; font-family: Inter; font-size: 17px; font-style: normal; font-weight: 400; text-transform: none;\">\ufe0f&nbsp;<span style=\"font-weight: 600;\">Tur Rotas\u0131:<\/span><\/p>\n<ol style=\"font-family: Inter; font-size: 17px; font-style: normal; font-weight: 400; text-transform: none;\">\n<li>Ka\u015f<\/li>\n<li>Antiphellos Antik Tiyatro<\/li>\n<li>B\u00fcy\u00fck \u00c7ak\u0131l Plaj\u0131<\/li>\n<li>Limana\u011fz\u0131 Koyu<\/li>\n<li>Sebeda Antik Kenti<\/li>\n<li>\u00c7oban Plaj\u0131<\/li>\n<li>Ufakdere Koyu<\/li>\n<li>Uluburun<\/li>\n<li>\u00dcz\u00fcml\u00fc \u0130skelesi<\/li>\n<li>Bo\u011fazc\u0131k<\/li>\n<li>Apollonia Antik Kenti<\/li>\n<li>Aperlai Antik Kenti<\/li>\n<li>S\u0131cak Yar\u0131m Ada<\/li>\n<li>Kale\u00fc\u00e7a\u011f\u0131z<\/li>\n<li>Teimiussa Antik Kenti<\/li>\n<li>Simena Kalek\u00f6y<\/li>\n<li>Kekova Adas\u0131<\/li>\n<li>\u0130stlada Antik Kenti<\/li>\n<li>Kapakl\u0131<\/li>\n<li>\u00c7ak\u0131l Plaj\u0131<\/li>\n<li>Demre \u00c7aya\u011fz\u0131<\/li>\n<\/ol>\n<p style=\"margin-bottom: 30px; font-family: Inter; font-size: 17px; font-style: normal; font-weight: 400; text-transform: none;\"><span style=\"font-weight: 600;\">Tura Dahil Olanlar:<\/span><\/p>\n<ul style=\"font-family: Inter; font-size: 17px; font-style: normal; font-weight: 400; text-transform: none;\">\n<li>Konaklama ve yemekler (3 gece ak\u015fam yeme\u011fi 3 g\u00fcn sabah kahvalt\u0131s\u0131)<\/li>\n<li>Tekne Turu (yar\u0131m g\u00fcn) (3 koy\u2019da deniz molas\u0131, kalek\u00f6y simena kalesi gezisi ve bat\u0131k \u015fehir kekova turu)<\/li>\n<li>\u00c7anta transferleri<\/li>\n<li>Rehberlik \u00fccreti<\/li>\n<li>Zorunlu Seyahat Sigortas\u0131<\/li>\n<\/ul>\n<p style=\"margin-bottom: 30px; font-family: Inter; font-size: 17px; font-style: normal; font-weight: 400; text-transform: none;\"><span style=\"font-weight: 600;\">Tura Dahil Olmayanlar:<\/span><\/p>\n<ul style=\"font-family: Inter; font-size: 17px; font-style: normal; font-weight: 400; text-transform: none;\">\n<li>Ki\u015fisel harcamalar<\/li>\n<li>M\u00fcze ve \u00f6ren yeri giri\u015f \u00fccretleri<\/li>\n<li>Yemeklerde al\u0131nan t\u00fcm i\u00e7e\u00e7ekler<\/li>\n<\/ul>\n<hr style=\"box-sizing: content-box; margin-bottom: 50px; font-family: Inter; font-size: 17px; font-style: normal; font-weight: 400; text-transform: none;\">\n<p style=\"margin-bottom: 30px; font-family: Inter; font-size: 17px; font-style: normal; font-weight: 400; text-transform: none;\"><span style=\"font-weight: 600;\">G\u00fcn G\u00fcn Program:<\/span><\/p>\n<p style=\"margin-bottom: 30px; font-family: Inter; font-size: 17px; font-style: normal; font-weight: 400; text-transform: none;\"><span style=\"font-weight: 600;\">1. G\u00fcn: \u00c7ukurba\u011f Ka\u015f (8 km) &amp; Ka\u015f Turu<\/span><\/p>\n<ul style=\"font-family: Inter; font-size: 17px; font-style: normal; font-weight: 400; text-transform: none;\">\n<li>12.00\u2019da Ka\u015f\u2019tan \u00c7ukurba\u011f\u2019a transfer<\/li>\n<li>Ka\u015f manzaras\u0131n\u0131 seyir ve y\u00fcr\u00fcy\u00fc\u015f<\/li>\n<li>Antiphellos Antik Tiyatro ve ak\u015fam yeme\u011fi\n<p><em><strong>Detaylar<\/strong><\/em><\/p>\n<p data-start=\"0\" data-end=\"326\">Saat 14.00&#8217;te gelen misafirlerimizle birlikte Ka\u015f\u2019\u0131n \u00c7ukurba\u011f K\u00f6y\u00fc\u2019ne gidiyoruz. Buradan Ka\u015f\u2019a do\u011fru, yakla\u015f\u0131k 7-8 km s\u00fcrecek keyifli bir y\u00fcr\u00fcy\u00fc\u015f yapaca\u011f\u0131z. Yol boyunca, Uyuyan Dev Da\u011f\u0131\u2019n\u0131n zirvesinden muhte\u015fem Ka\u015f manzaras\u0131n\u0131 izleme f\u0131rsat\u0131m\u0131z olacak. \u00c7ukurba\u011f Yar\u0131madas\u0131 ve Meis Adas\u0131 adeta ayaklar\u0131m\u0131z\u0131n alt\u0131nda uzanacak.<\/p>\n<p data-start=\"328\" data-end=\"552\" data-is-last-node=\"\" data-is-only-node=\"\">Y\u00fcr\u00fcy\u00fc\u015f\u00fcn ard\u0131ndan, tarihi antik tiyatroya giderek g\u00fcn bat\u0131m\u0131n\u0131n e\u015fsiz g\u00fczelli\u011fini seyredece\u011fiz. Ak\u015fam yeme\u011fi i\u00e7in rehberimizin \u00f6nerdi\u011fi \u00f6zel bir mek\u00e2na ge\u00e7iyoruz. Program\u0131m\u0131zdaki ilk ak\u015fam yeme\u011fi etkinlik \u00fccretine dahildir.<\/p>\n<\/li>\n<\/ul>\n<p style=\"margin-bottom: 30px; font-family: Inter; font-size: 17px; font-style: normal; font-weight: 400; text-transform: none;\"><span style=\"font-weight: 600;\">2. G\u00fcn: Ka\u015f \u2013 Ufakdere \u2013 \u00dcz\u00fcml\u00fc \u0130skelesi (12 km)<\/span><\/p>\n<ul style=\"font-family: Inter; font-size: 17px; font-style: normal; font-weight: 400; text-transform: none;\">\n<li>Sabah 9.00\u2019da Ka\u015f\u2019tan y\u00fcr\u00fcy\u00fc\u015f<\/li>\n<li>Limana\u011fz\u0131, Ufakdere \u00c7oban Plaj\u0131 ve \u00dcz\u00fcml\u00fc \u0130skelesi\n<p><em><strong>Detaylar<\/strong><\/em><\/p>\n<p data-start=\"0\" data-end=\"372\">\u0130kinci g\u00fcn, kahvalt\u0131m\u0131z\u0131 konaklad\u0131\u011f\u0131m\u0131z pansiyonda yapt\u0131ktan sonra k\u0131sa bir transferle B\u00fcy\u00fck\u00e7ak\u0131l Plaj\u0131\u2019na giderek y\u00fcr\u00fcy\u00fc\u015f\u00fcm\u00fcze ba\u015fl\u0131yoruz. \u0130lk dura\u011f\u0131m\u0131z Limana\u011fz\u0131, ard\u0131ndan \u00c7oban Plaj\u0131 olacak. Dileyenler \u00c7oban Plaj\u0131\u2019nda denize girebilir. Burada yakla\u015f\u0131k bir saatlik mola verdikten sonra Fakdere Koyu\u2019na do\u011fru y\u00fcr\u00fcy\u00fc\u015fe devam ediyoruz. Fakdere\u2019de de y\u00fczme f\u0131rsat\u0131 olacak.<\/p>\n<p data-start=\"374\" data-end=\"520\" data-is-last-node=\"\" data-is-only-node=\"\">Y\u00fcr\u00fcy\u00fc\u015f\u00fcm\u00fcz\u00fc \u00dcz\u00fcm \u0130skelesi\u2019nde tamamlad\u0131ktan sonra Kekova\u2019ya transferimiz ger\u00e7ekle\u015fiyor. Ak\u015fam yeme\u011fimizi ise konaklad\u0131\u011f\u0131m\u0131z pansiyonda yiyece\u011fiz.<\/p>\n<\/li>\n<\/ul>\n<p style=\"margin-bottom: 30px; font-family: Inter; font-size: 17px; font-style: normal; font-weight: 400; text-transform: none;\"><span style=\"font-weight: 600;\">3. G\u00fcn: Bo\u011fazc\u0131k \u2013 K\u0131l\u0131n\u00e7l\u0131 \u2013 Aperlai \u2013 \u00dc\u00e7a\u011f\u0131z \u2013 Kalek\u00f6y (13 km)<\/span><\/p>\n<ul style=\"font-family: Inter; font-size: 17px; font-style: normal; font-weight: 400; text-transform: none;\">\n<li>Bo\u011fazc\u0131k k\u00f6y\u00fcne transfer ve Apollonia Antik Kenti ziyareti<\/li>\n<li>S\u0131cak Yar\u0131m Ada ve Aperlai Antik Kenti ke\u015ffi<\/li>\n<li>Tekne turu ve Kalek\u00f6y\u2019de deniz keyfi\n<p><em><strong>Detaylar<\/strong><\/em><\/p>\n<p data-start=\"0\" data-end=\"255\">\u00dc\u00e7\u00fcnc\u00fc g\u00fcn, konaklad\u0131\u011f\u0131m\u0131z pansiyonda kahvalt\u0131m\u0131z\u0131n ard\u0131ndan k\u0131sa bir transferle Bo\u011fazc\u0131k K\u00f6y\u00fc\u2019ne ula\u015f\u0131yoruz. Buradan Aperlai Antik Kenti\u2019ne do\u011fru y\u00fcr\u00fcy\u00fc\u015fe ba\u015fl\u0131yoruz. Antik kentte yakla\u015f\u0131k bir saatlik molam\u0131z olacak, dileyenler burada denize girebilir.<\/p>\n<p data-start=\"257\" data-end=\"537\">Molan\u0131n ard\u0131ndan bizi bekleyen tekneye ge\u00e7erek \u00f6\u011fleden sonra keyifli bir tekne turuna \u00e7\u0131k\u0131yoruz. \u0130ki ila \u00fc\u00e7 farkl\u0131 koyda y\u00fczme molas\u0131 verdikten sonra Kekova Adas\u0131\u2019ndaki bat\u0131k \u015fehri yak\u0131ndan g\u00f6rece\u011fiz. Ard\u0131ndan Kalek\u00f6y\u2019e \u00e7\u0131karak burada yakla\u015f\u0131k bir saat serbest zaman\u0131m\u0131z olacak.<\/p>\n<p data-start=\"539\" data-end=\"633\" data-is-last-node=\"\" data-is-only-node=\"\">G\u00fcn sonunda tekne ile otelimize d\u00f6n\u00fcyor ve ak\u015fam yeme\u011fimizi konaklad\u0131\u011f\u0131m\u0131z pansiyonda yiyoruz.<\/p>\n<\/li>\n<\/ul>\n<p style=\"margin-bottom: 30px; font-family: Inter; font-size: 17px; font-style: normal; font-weight: 400; text-transform: none;\"><span style=\"font-weight: 600;\">4. G\u00fcn: Kalek\u00f6y \u2013 \u0130stlada Antik Kenti \u2013 Kapakl\u0131&nbsp; (10 km)<\/span><\/p>\n<ul style=\"font-family: Inter; font-size: 17px; font-style: normal; font-weight: 400; text-transform: none;\">\n<li>Kalek\u00f6y\u2019den kahvalt\u0131 sonras\u0131 \u00e7\u0131k\u0131\u015f<\/li>\n<li>Kapakl\u0131, \u00c7ak\u0131l Plaj\u0131 ve \u00c7aya\u011fz\u0131<\/li>\n<li>Ka\u015f\u2019a transfer<\/li>\n<li>Bug\u00fcn ayr\u0131lmak isteyen misafirlerimiz saat 17.00 da ka\u015f\u2019ta olaca\u011f\u0131z. Bu saate g\u00f6re program yapabilirler.\n<p><em><em><strong>Detaylar<\/strong><\/em><\/em><\/p>\n<p data-start=\"0\" data-end=\"212\">Konaklad\u0131\u011f\u0131m\u0131z pansiyonda kahvalt\u0131m\u0131z\u0131n ard\u0131ndan y\u00fcr\u00fcy\u00fc\u015fe ba\u015fl\u0131yoruz. Yolumuz \u00fczerinde G\u00f6kkaya Koyu\u2019nda y\u00fczme molas\u0131 veriyoruz. Ard\u0131ndan \u0130sla\u2019da Antik Kenti ziyaret edip y\u00fcr\u00fcy\u00fc\u015f\u00fcm\u00fcz\u00fc Kapakl\u0131\u2019da sonland\u0131r\u0131yoruz.<\/p>\n<p data-start=\"214\" data-end=\"258\" data-is-last-node=\"\" data-is-only-node=\"\">Turumuzu, Ka\u015f\u2019a transferimizle tamaml\u0131yoruz.<\/p>\n<p><em><strong>&nbsp;<\/strong><\/em><\/p>\n<\/li>\n<\/ul>\n<hr style=\"box-sizing: content-box; margin-bottom: 50px; font-family: Inter; font-size: 17px; font-style: normal; font-weight: 400; text-transform: none;\">\n<p style=\"margin-bottom: 30px; font-family: Inter; font-size: 17px; font-style: normal; font-weight: 400; text-transform: none;\"><span style=\"font-weight: 600;\">Etkinlik \u00dccreti ve \u0130leti\u015fim Bilgileri:&nbsp;<\/span><\/p>\n<ul style=\"font-family: Inter; font-size: 17px; font-style: normal; font-weight: 400; text-transform: none;\">\n<li>\u0130ki ki\u015filik odalarda ki\u015fi ba\u015f\u0131: (3 gece 4 g\u00fcn nakit 18450 TL)<\/li>\n<li>Tek ki\u015filik (single) konaklama fark\u0131: 5000 TL<\/li>\n<li>Rezervasyon i\u00e7in kapora: 3000 TL<\/li>\n<li>\u00fccret tur g\u00fcn\u00fc nakit olarak al\u0131nacakt\u0131r<\/li>\n<li><em><span style=\"font-weight: 600;\">Rezervasyon yapacak misafirlerimiz 3000 tl kapora g\u00f6nderdikten sonra geri kalan\u0131 tura 1 hafta kala eft-havale \u015feklinde \u00f6de<\/span><\/em>meleri gerekir.<br>Hesap ismi:&nbsp; Jettrans turizm ta\u015f\u0131mac\u0131l\u0131k Limited \u015eirketi<br>Hesap No: Tr460001000990978030355001<\/li>\n<\/ul>\n<p style=\"margin-bottom: 30px; font-family: Inter; font-size: 17px; font-style: normal; font-weight: 400; text-transform: none;\"><span style=\"font-weight: 600;\">\u0130leti\u015fim:<\/span>&nbsp;+905558101267 veya WhatsApp \u00fczerinden bize yazabilirsiniz.<\/p>\n<p style=\"margin-bottom: 30px; font-family: Inter; font-size: 17px; font-style: normal; font-weight: 400; text-transform: none;\">&nbsp;<span style=\"font-weight: 600;\">\u0130ptal Ko\u015fullar\u0131:<\/span>&nbsp;Son 15 g\u00fcn kala yap\u0131lan iptallerde \u00f6demenin tamam\u0131 iade edilir. Son 1 hafta kala yap\u0131lan iptallerde faaliyet \u00fccretinin tamam\u0131 talep edilir.<\/p>\n<hr style=\"box-sizing: content-box; margin-bottom: 50px; font-family: Inter; font-size: 17px; font-style: normal; font-weight: 400; text-transform: none;\">\n<p style=\"margin-bottom: 30px; font-family: Inter; font-size: 17px; font-style: normal; font-weight: 400; text-transform: none;\"><span style=\"font-weight: 600;\">Haz\u0131rl\u0131klar\u0131n\u0131z\u0131 Yap\u0131n ve Do\u011fan\u0131n Tad\u0131n\u0131 \u00c7\u0131kar\u0131n!<\/span><\/p>\n<p style=\"margin-bottom: 30px; font-family: Inter; font-size: 17px; font-style: normal; font-weight: 400; text-transform: none;\">Bu etkinlik i\u00e7in haz\u0131rl\u0131klar\u0131n\u0131z\u0131 yap\u0131n ve do\u011fan\u0131n tad\u0131n\u0131 \u00e7\u0131kar\u0131n! Unutulmaz bir Ka\u015f maceras\u0131 sizi bekliyor!<\/p>\n<hr style=\"box-sizing: content-box; margin-bottom: 50px; font-family: Inter; font-size: 17px; font-style: normal; font-weight: 400; text-transform: none;\">\n<p style=\"margin-bottom: 30px; font-family: Inter; font-size: 17px; font-style: normal; font-weight: 400; text-transform: none;\">&nbsp;<span style=\"font-weight: 600;\">Keyifli Geziler Dileriz!<\/span>&nbsp;<\/p>\n<hr style=\"box-sizing: content-box; margin-bottom: 50px; font-family: Inter; font-size: 17px; font-style: normal; font-weight: 400; text-transform: none;\">\n<p style=\"margin-bottom: 30px; font-family: Inter; font-size: 17px; font-style: normal; font-weight: 400; text-transform: none;\">Bu etkileyici maceraya kat\u0131lmak i\u00e7in hemen yerinizi ay\u0131rt\u0131n ve do\u011fan\u0131n tad\u0131n\u0131 \u00e7\u0131kar\u0131n! \ufe0f<\/p>\n<p style=\"margin-bottom: 30px; font-family: Inter; font-size: 17px; font-style: normal; font-weight: 400; text-transform: none;\"><strong>Etkinlik:<\/strong>&nbsp;Dalaman Jet Travel T\u00dcRSAB No: 16954 taraf\u0131ndan d\u00fczenlenmektedir.<\/p>\n<p style=\"font-family: Inter; font-size: 17px; font-style: normal; font-weight: 400; text-transform: none;\"><em><span style=\"font-weight: 600;\"><br>\u00d6nemli:&nbsp;<br>Y\u00fcr\u00fcy\u00fc\u015f parkurumuz, s\u00fcrd\u00fcr\u00fclebilir turizm ilkeleri \u00e7er\u00e7evesinde k\u00f6ylerin ve yerel i\u015fletmelerin dokusunu koruyarak tasarlanm\u0131\u015ft\u0131r. Bu sebeple, tesislerimiz \u00e7e\u015fitlilik g\u00f6stermektedir; baz\u0131lar\u0131 havuzlu bungalov tarz\u0131nda tasarlanm\u0131\u015fken, baz\u0131lar\u0131 geleneksel k\u00f6y evi konseptinde hizmet vermektedir. Ancak, t\u00fcm tesislerimizde ortak olan ve en \u00f6nem verdi\u011fimiz nokta, temizlik konusunda asla taviz vermemektir. Misafirlerimizin rahat\u0131 ve sa\u011fl\u0131\u011f\u0131 bizim i\u00e7in her zaman \u00f6nceliklidir.<\/span><\/em><\/p>\n<\/div>\t\t\t\t\t\t\t\t<\/div>\n\t\t\t\t<\/div>\n\t\t\t\t\t<\/div>\n\t\t<\/div>\n\t\t\t\t\t<\/div>\n\t\t<\/section>\n\t\t<div class=\"elementor-element elementor-element-647bdfe e-flex e-con-boxed e-con e-parent\" data-id=\"647bdfe\" data-element_type=\"container\">\n\t\t\t\t\t<div class=\"e-con-inner\">\n\t\t\t\t\t<\/div>\n\t\t\t\t<\/div>\n\t\t<div class=\"elementor-element elementor-element-7fa7635 e-flex e-con-boxed e-con e-parent\" data-id=\"7fa7635\" data-element_type=\"container\">\n\t\t\t\t\t<div class=\"e-con-inner\">\n\t\t\t\t\t<\/div>\n\t\t\t\t<\/div>\n\t\t\t\t<\/div>\n\t\t","protected":false},"excerpt":{"rendered":"<p>Ka\u015f Kekova Do\u011fa Dolu Bir Ka\u015f Maceras\u0131na Davetlisiniz! Sevgili Gezginler, Do\u011fa ve tarihle dolu bir Ka\u015f maceras\u0131na kat\u0131lmaya haz\u0131r m\u0131s\u0131n\u0131z? Do\u011fan\u0131n ve tarihin i\u00e7 i\u00e7e ge\u00e7ti\u011fi rotam\u0131z boyunca unutulmaz anlar ya\u015famaya davetlisiniz!&nbsp; Tur Tarihleri:19-20-21-22 Mart (Ramazan Bayram\u0131 \u00d6zel)9-10-11-12 Nisan7-8-9-10 May\u0131s27-28-29-30 May\u0131s (Kurban bayram\u0131 \u00f6zel) Konaklama:&nbsp;3 gece pansiyon konaklama (1 gece Ka\u015f, 2 gece Kale\u00fc\u00e7a\u011f\u0131z) E\u011fer [&hellip;]<\/p>\n","protected":false},"author":1,"featured_media":0,"parent":57,"menu_order":0,"comment_status":"closed","ping_status":"closed","template":"tmpl\/template-fullwidth.php","meta":{"_acf_changed":false,"inline_featured_image":false,"footnotes":""},"class_list":["post-78","page","type-page","status-publish","hentry"],"acf":[],"_links":{"self":[{"href":"https:\/\/kecioutdoor.com\/index.php?rest_route=\/wp\/v2\/pages\/78","targetHints":{"allow":["GET"]}}],"collection":[{"href":"https:\/\/kecioutdoor.com\/index.php?rest_route=\/wp\/v2\/pages"}],"about":[{"href":"https:\/\/kecioutdoor.com\/index.php?rest_route=\/wp\/v2\/types\/page"}],"author":[{"embeddable":true,"href":"https:\/\/kecioutdoor.com\/index.php?rest_route=\/wp\/v2\/users\/1"}],"replies":[{"embeddable":true,"href":"https:\/\/kecioutdoor.com\/index.php?rest_route=%2Fwp%2Fv2%2Fcomments&post=78"}],"version-history":[{"count":86,"href":"https:\/\/kecioutdoor.com\/index.php?rest_route=\/wp\/v2\/pages\/78\/revisions"}],"predecessor-version":[{"id":2374,"href":"https:\/\/kecioutdoor.com\/index.php?rest_route=\/wp\/v2\/pages\/78\/revisions\/2374"}],"up":[{"embeddable":true,"href":"https:\/\/kecioutdoor.com\/index.php?rest_route=\/wp\/v2\/pages\/57"}],"wp:attachment":[{"href":"https:\/\/kecioutdoor.com\/index.php?rest_route=%2Fwp%2Fv2%2Fmedia&parent=78"}],"curies":[{"name":"wp","href":"https:\/\/api.w.org\/{rel}","templated":true}]}}