{"id":84,"date":"2022-03-04T01:58:02","date_gmt":"2022-03-04T01:58:02","guid":{"rendered":"https:\/\/live.21lab.co\/nanofit\/?page_id=84"},"modified":"2026-02-20T17:01:12","modified_gmt":"2026-02-20T17:01:12","slug":"likya-yolu-kas-kekova-demre-etabi","status":"publish","type":"page","link":"https:\/\/kecioutdoor.com\/?page_id=84","title":{"rendered":"Bat\u0131 Likya Yolu (Fethiye &#8211; \u00d6l\u00fcdeniz &#8211; Kabak koyu)"},"content":{"rendered":"\t\t<div data-elementor-type=\"wp-page\" data-elementor-id=\"84\" class=\"elementor elementor-84\">\n\t\t\t\t\t\t<section class=\"elementor-section elementor-top-section elementor-element elementor-element-323c4dfe elementor-section-boxed elementor-section-height-default elementor-section-height-default\" data-id=\"323c4dfe\" data-element_type=\"section\" data-settings=\"{&quot;background_background&quot;:&quot;classic&quot;}\">\n\t\t\t\t\t\t\t<div class=\"elementor-background-overlay\"><\/div>\n\t\t\t\t\t\t\t<div class=\"elementor-container elementor-column-gap-default\">\n\t\t\t\t\t<div class=\"elementor-column elementor-col-100 elementor-top-column elementor-element elementor-element-1da97540\" data-id=\"1da97540\" data-element_type=\"column\">\n\t\t\t<div class=\"elementor-widget-wrap elementor-element-populated\">\n\t\t\t\t\t\t<div class=\"elementor-element elementor-element-65deb8a4 pp-heading-fill-solid elementor-widget elementor-widget-pp-fancy-heading\" data-id=\"65deb8a4\" data-element_type=\"widget\" data-widget_type=\"pp-fancy-heading.default\">\n\t\t\t\t<div class=\"elementor-widget-container\">\n\t\t\t\t\t\t\t\t<h1 class=\"pp-fancy-heading\">\n\t\t\t\t\t\t\t\t<span class=\"pp-heading-text\">\n\t\t\t\t\t\u00d6l\u00fcdeniz | Kabak koyu\t\t\t\t<\/span>\n\t\t\t\t\t\t\t<\/h1>\n\t\t\t\t\t\t\t<\/div>\n\t\t\t\t<\/div>\n\t\t\t\t\t<\/div>\n\t\t<\/div>\n\t\t\t\t\t<\/div>\n\t\t<\/section>\n\t\t\t\t<section class=\"elementor-section elementor-top-section elementor-element elementor-element-69b5497b elementor-section-boxed elementor-section-height-default elementor-section-height-default\" data-id=\"69b5497b\" data-element_type=\"section\">\n\t\t\t\t\t\t<div class=\"elementor-container elementor-column-gap-custom\">\n\t\t\t\t\t<div class=\"elementor-column elementor-col-100 elementor-top-column elementor-element elementor-element-bffad1c\" data-id=\"bffad1c\" data-element_type=\"column\">\n\t\t\t<div class=\"elementor-widget-wrap elementor-element-populated\">\n\t\t\t\t\t\t<div class=\"elementor-element elementor-element-5c19530e elementor-drop-cap-yes elementor-drop-cap-view-default elementor-widget elementor-widget-text-editor\" data-id=\"5c19530e\" data-element_type=\"widget\" data-settings=\"{&quot;drop_cap&quot;:&quot;yes&quot;}\" data-widget_type=\"text-editor.default\">\n\t\t\t\t<div class=\"elementor-widget-container\">\n\t\t\t\t\t\t\t\t\t<div data-message-author-role=\"assistant\" data-message-id=\"9c433601-37ff-40e4-a5ba-bc8b2b324882\"><h3>1Tarihi Likya Yolunu y\u00fcr\u00fcmek istiyorsan\u0131z do\u011fru yerdesiniz.<\/h3><p><strong>Tarih Aral\u0131klar\u0131:<\/strong><\/p><ul><li>2-3-4-5 Nisan<\/li><li>23-24-25-26 Nisan ( 23 Nisan \u00d6zel<\/li><li>30 Nisan- 1-2-3 May\u0131s (resmi tatil)<\/li><li>16-17-18-19 May\u0131s (resmi tatil)<\/li><li>27-28-29-30 May\u0131s (Kurban bayram\u0131 \u00f6zel)<\/li><li>\u00a04-5-6-7 haziran<\/li><li>11-12-13-14 haziran<\/li><\/ul><p><strong>Rotalar:<\/strong><\/p><ul><li>Telmessos<\/li><li>\u00d6l\u00fcdeniz<\/li><li>Muhte\u015fem \u00d6l\u00fcdeniz Manzaras\u0131<\/li><li>Babada\u011f Eteklerindeki Yaylalar (Kirme, Koza\u011fa\u00e7)<\/li><li>Faralya<\/li><li>Kelebekler Vadisi Seyir Tepesi<\/li><li>Kabak Koyu<\/li><li>Al\u0131nca (G\u00f6\u00e7 Yolu)<\/li><li>Yediburunlar Ge K\u00f6y<\/li><li>An\u0131tsal Yass\u0131 Kaya<\/li><li>Kalabantina Koyu<\/li><li>Osmanl\u0131 Sarn\u0131\u00e7lar\u0131<\/li><li>Sidyma Antik Kenti<\/li><li>Gavura\u011f\u0131l\u0131<\/li><li>Pydnae Antik Kenti<\/li><\/ul><p><strong>Tura Dahil Olanlar:<\/strong><\/p><ul><li>Fethiye\u2019den ba\u015flayan t\u00fcm transferler (Ana \u00e7antalar\u0131m\u0131z transferle g\u00f6nderiliyor, y\u00fcr\u00fcy\u00fc\u015f g\u00fcnl\u00fck \u00e7antalar ile)<\/li><li>Sabah ve ak\u015fam yemekleri<\/li><li>2 gece pansiyon ve bungalow konaklama ( 1 Gece K\u00f6y Evi konaklama eco turizm)<\/li><li>Rehberlik \u00fccreti<\/li><li>Seyahat sigortas\u0131<\/li><\/ul><p><strong>\u00dccrete Dahil Olmayanlar:<\/strong><\/p><ul><li>Fethiye\u2019ye ula\u015f\u0131m<\/li><li>Ki\u015fisel harcamalar<\/li><li>Yemeklerde al\u0131nan t\u00fcm i\u00e7ecekler<\/li><li>M\u00fcze ve \u00f6ren yeri giri\u015f \u00fccretleri<\/li><\/ul><h3>G\u00fcn G\u00fcn Program<\/h3><p><strong>1. G\u00fcn: Kayak\u00f6y \u2013 \u00d6l\u00fcdeniz (Toplam 7 Km)\u00a0<\/strong>Herkesin geli\u015f saatleri farkl\u0131 oldu\u011fundan bug\u00fcn erken gelen misafirlerimizle kayak\u00f6y \u00f6l\u00fcdeniz rotas\u0131n\u0131 y\u00fcr\u00fcyece\u011fiz. Muhte\u015fem \u00d6l\u00fcdeniz plaj\u0131nda denize girip tan\u0131\u015fma ve program hakk\u0131nda detaylar\u0131 konu\u015faca\u011f\u0131z. Dileyenler bize bug\u00fcn kat\u0131lmay\u0131p dinlenebilir. Konaklama Faralya k\u00f6y\u00fc<\/p><p><strong>2. G\u00fcn: \u00d6l\u00fcdeniz \u2013 Ovac\u0131k \u2013 Kirme \u2013 Koza\u011fa\u00e7 \u2013 Kelebekler Vadisi \u2013 Faralya \u2013 Kabak Koyu (19 km, Maksimum \u0130rtifa: 850 m)<\/strong>\u00a0Sabah 9:00\u2019da Likya Yolu start tabelas\u0131ndan muhte\u015fem \u00d6l\u00fcdeniz manzaras\u0131 ve kekik kokusu e\u015fli\u011finde y\u00fcr\u00fcy\u00fc\u015f\u00fcm\u00fcz ba\u015fl\u0131yor. Babada\u011f eteklerindeki k\u00f6ylere kadar gidiyoruz. Manzara o kadar muhte\u015fem ki yoruldu\u011funuzu hissetmeyeceksiniz bile. Faralya\u2019ya ini\u015ften sonra Kelebekler Vadisi\u2019ni selamlay\u0131p Kabak Koyu\u2019na devam edece\u011fiz. Kabak Koyu\u2019nda denize girece\u011fiz ve g\u00fcn bat\u0131m\u0131n\u0131 izleyip otelimize d\u00f6nece\u011fiz. Konaklama Faralya k\u00f6y\u00fc<\/p><p><strong>3. G\u00fcn: Kabak \u2013 Al\u0131nca (G\u00f6\u00e7 Yolu) \u2013 Yass\u0131 Kaya \u2013 Kalabantina Koyu \u2013 Osmanl\u0131 Sarn\u0131c\u0131 \u2013 Yediburunlar (18 km, Maksimum \u0130rtifa: 770 m)<\/strong>\u00a0Kabaktan erken saatlerde \u00e7\u0131k\u0131yoruz ve me\u015fhur Al\u0131nca G\u00f6\u00e7 Yolu\u2019nu y\u00fcr\u00fcyoruz. Al\u0131nca\u2019ya \u00e7\u0131k\u0131\u015f zorlu ama Yediburunlar manzaras\u0131 t\u00fcm yorgunlu\u011funuzu unutturacak. Likya Yolu\u2019nun klasikle\u015fmi\u015f Yass\u0131 Kaya\u2019s\u0131nda an\u0131 foto\u011fraflar\u0131 \u00e7ekece\u011fiz, Kalabantina Koyu\u2019nu selamlayaca\u011f\u0131z ve tarihi Osmanl\u0131 Sarn\u0131c\u0131\u2019ndan sonra Yediburunlara varaca\u011f\u0131z. Konaklama Yediburunlar Ge k\u00f6y\u00fc<\/p><p><strong>4. G\u00fcn: Yediburunlar \u2013 Sidyma Antik Kenti \u2013 Bel K\u00f6y\u00fc (14 km, Maksimum \u0130rtifa: 450 m)<\/strong>\u00a0Yediburunlarda konaklad\u0131\u011f\u0131m\u0131z pansiyondan Sidyma Antik Kenti\u2019ne do\u011fru 7 km\u2019lik muhte\u015fem bir parkurumuz var. Sidyma Antik Kenti\u2019ni gezip Bel K\u00f6y\u00fc\u2019ne y\u00fcr\u00fcy\u00fc\u015f\u00fcm\u00fcze devam edece\u011fiz. Buradan direk olarak fethiye otogar\u0131na transfer ger\u00e7ekle\u015fecektir.<\/p><p><strong>5<\/strong><\/p><p><strong>Biti\u015f:<\/strong>\u00a0Fethiye Otogar (Biti\u015f saati: 16:00)<\/p><h3>\u00dccret ve Rezervasyon<\/h3><p><strong>Etkinlik \u00dccreti:<\/strong><\/p><ul><li>\u0130ki d\u00f6rt ki\u015filik odalarda ki\u015fi ba\u015f\u0131: 18750 TL<\/li><li>Tek kalmak isteyen misafirlerimiz 5.000 TL fark \u00f6deyerek ayr\u0131 odada kalabilir.(Bayram Programlar\u0131nda single misafir kabul edilmemektedir.)\u00a0<\/li><\/ul><p><strong>Rezervasyon:<\/strong> 5.000 TL kapora ile, geri kalan\u0131 tur g\u00fcn\u00fc \u00f6denebilir.<br \/>\u00f6deme a\u015fa\u011f\u0131daki \u015firket hesab\u0131na yap\u0131lacakt\u0131r.<\/p><p>Hesap ismi:\u00a0 Jettrans turizm ta\u015f\u0131mac\u0131l\u0131k Limited \u015eirketi<br \/>Hesap No: Tr460001000990978030355001<\/p><p><strong>\u0130leti\u015fim:<\/strong><\/p><ul><li>Telefon: +90 555 810 1267<\/li><li>WhatsApp: Sayfan\u0131n sa\u011f taraf\u0131ndaki ikona t\u0131klayarak ula\u015fabilirsiniz.<\/li><\/ul><p><strong>\u0130ptal Ko\u015fullar\u0131:<\/strong><\/p><ul><li>15 g\u00fcn kalaya kadar iptal i\u015flemi yap\u0131labilir.<\/li><li>15 g\u00fcn kala yap\u0131lan iptallerde kapora bedeli geri \u00f6denmez.<\/li><li>Son 1 hafta iptal edilen etkinliklerde faaliyet \u00fccretinin tamam\u0131 talep edilir.<\/li><\/ul><h3>\u00a0<\/h3><p>Instagram: @kecioutdoor @dogadaolan_<\/p><h3>Mutlaka Olmas\u0131 Gerekenler:<\/h3><ul><li>Bir \u00e7ift baton<\/li><li>Do\u011fa y\u00fcr\u00fcy\u00fc\u015f\u00fcne uygun ayakkab\u0131 (bilekli tavsiye edilir)<\/li><li>Ya\u011fmurluk<\/li><li>G\u00fcne\u015f kremi<\/li><li>M\u00fcze Kart<\/li><li>Kulland\u0131\u011f\u0131n\u0131z ila\u00e7lar<\/li><li>15-20 litre g\u00fcnl\u00fck \u00e7anta<\/li><li>\u015eapka<\/li><li>Havlu, mayo, \u015fort<\/li><\/ul><h3>\u00d6nemli Not:<\/h3><p>Y\u00fcr\u00fcy\u00fc\u015f parkurumuz, s\u00fcrd\u00fcr\u00fclebilir turizm ilkeleri \u00e7er\u00e7evesinde k\u00f6ylerin ve yerel i\u015fletmelerin dokusunu koruyarak tasarlanm\u0131\u015ft\u0131r. Tesislerimiz \u00e7e\u015fitlilik g\u00f6stermektedir; baz\u0131lar\u0131 havuzlu bungalov tarz\u0131nda, baz\u0131lar\u0131 geleneksel k\u00f6y evi konseptinde hizmet vermektedir. Ancak, t\u00fcm tesislerimizde temizlik konusunda asla taviz vermiyoruz. Misafirlerimizin rahat\u0131 ve sa\u011fl\u0131\u011f\u0131 her zaman \u00f6nceli\u011fimizdir.<\/p><p><strong>Etkinlik:<\/strong>\u00a0Dalaman Jet Travel T\u00dcRSAB No: 16954 taraf\u0131ndan d\u00fczenlenmektedir.<\/p><\/div>\t\t\t\t\t\t\t\t<\/div>\n\t\t\t\t<\/div>\n\t\t\t\t\t<\/div>\n\t\t<\/div>\n\t\t\t\t\t<\/div>\n\t\t<\/section>\n\t\t\t\t<\/div>\n\t\t","protected":false},"excerpt":{"rendered":"<p>\u00d6l\u00fcdeniz | Kabak koyu 1Tarihi Likya Yolunu y\u00fcr\u00fcmek istiyorsan\u0131z do\u011fru yerdesiniz. Tarih Aral\u0131klar\u0131: 2-3-4-5 Nisan 23-24-25-26 Nisan ( 23 Nisan \u00d6zel 30 Nisan- 1-2-3 May\u0131s (resmi tatil) 16-17-18-19 May\u0131s (resmi tatil) 27-28-29-30 May\u0131s (Kurban bayram\u0131 \u00f6zel) \u00a04-5-6-7 haziran 11-12-13-14 haziran Rotalar: Telmessos \u00d6l\u00fcdeniz Muhte\u015fem \u00d6l\u00fcdeniz Manzaras\u0131 Babada\u011f Eteklerindeki Yaylalar (Kirme, Koza\u011fa\u00e7) Faralya Kelebekler Vadisi Seyir [&hellip;]<\/p>\n","protected":false},"author":1,"featured_media":0,"parent":57,"menu_order":0,"comment_status":"closed","ping_status":"closed","template":"tmpl\/template-fullwidth.php","meta":{"_acf_changed":false,"inline_featured_image":false,"footnotes":""},"class_list":["post-84","page","type-page","status-publish","hentry"],"acf":[],"_links":{"self":[{"href":"https:\/\/kecioutdoor.com\/index.php?rest_route=\/wp\/v2\/pages\/84","targetHints":{"allow":["GET"]}}],"collection":[{"href":"https:\/\/kecioutdoor.com\/index.php?rest_route=\/wp\/v2\/pages"}],"about":[{"href":"https:\/\/kecioutdoor.com\/index.php?rest_route=\/wp\/v2\/types\/page"}],"author":[{"embeddable":true,"href":"https:\/\/kecioutdoor.com\/index.php?rest_route=\/wp\/v2\/users\/1"}],"replies":[{"embeddable":true,"href":"https:\/\/kecioutdoor.com\/index.php?rest_route=%2Fwp%2Fv2%2Fcomments&post=84"}],"version-history":[{"count":65,"href":"https:\/\/kecioutdoor.com\/index.php?rest_route=\/wp\/v2\/pages\/84\/revisions"}],"predecessor-version":[{"id":2382,"href":"https:\/\/kecioutdoor.com\/index.php?rest_route=\/wp\/v2\/pages\/84\/revisions\/2382"}],"up":[{"embeddable":true,"href":"https:\/\/kecioutdoor.com\/index.php?rest_route=\/wp\/v2\/pages\/57"}],"wp:attachment":[{"href":"https:\/\/kecioutdoor.com\/index.php?rest_route=%2Fwp%2Fv2%2Fmedia&parent=84"}],"curies":[{"name":"wp","href":"https:\/\/api.w.org\/{rel}","templated":true}]}}